{"id":94,"date":"2025-04-17T11:52:13","date_gmt":"2025-04-17T14:52:13","guid":{"rendered":"https:\/\/2sharecomunicacao.com.br\/sites\/panamazonicodeoncologia.com\/?page_id=94"},"modified":"2025-10-31T18:43:00","modified_gmt":"2025-10-31T21:43:00","slug":"comissoes","status":"publish","type":"page","link":"https:\/\/panamazonicodeoncologia.com\/2025\/comissoes\/","title":{"rendered":"COMISS\u00d5ES"},"content":{"rendered":"<div class=\"wpb-content-wrapper\"><p>[vc_row full_width=&#8221;stretch_row_content_no_spaces&#8221; css=&#8221;.vc_custom_1744890282708{padding-top: 4px !important;padding-bottom: 4px !important;background-color: #B7183B !important;}&#8221;][vc_column][\/vc_column][\/vc_row][vc_row full_width=&#8221;stretch_row_content_no_spaces&#8221; css=&#8221;.vc_custom_1744892254016{margin-top: -40px !important;margin-bottom: 0px !important;background-image: url(https:\/\/2sharecomunicacao.com.br\/sites\/panamazonicodeoncologia.com\/wp-content\/uploads\/2025\/04\/bg_internas.jpg?id=35) !important;background-position: 0 0 !important;background-repeat: repeat !important;}&#8221;][vc_column][vc_row_inner css=&#8221;.vc_custom_1744892263182{margin-top: 40px !important;margin-right: 30px !important;margin-left: 30px !important;padding-top: 40px !important;padding-bottom: 40px !important;background-color: #FFF5DA !important;}&#8221;][vc_column_inner css=&#8221;.vc_custom_1744889564161{padding-right: 40px !important;padding-left: 40px !important;}&#8221;]<h2 class=\"boc_heading  al_left  \"  style=\"margin-bottom: 20px;margin-top: 0px;color: #333;\"><span>COMISS\u00d5ES<\/span><\/h2>[vc_column_text css=&#8221;&#8221;]<\/p>\n<hr \/>\n<h3>COMISS\u00c3O EXECUTIVA<\/h3>\n<p><strong>Presidente do Congresso:<\/strong> K\u00e1tia Luz Torres Silva<br \/>\n<strong>Vice-Presidente:<\/strong> Valqu\u00edria do Carmo Alves Martins<br \/>\n<strong>Secret\u00e1ria:<\/strong> Josiane da Silva Neves<br \/>\n<strong>Comunica\u00e7\u00e3o:<\/strong> La\u00eds da Motta Pompeo, Lu\u00eds Mansueto Pereira Filho<\/p>\n<hr \/>\n<h3>COMISS\u00c3O ORGANIZADORA<\/h3>\n<p><span style=\"font-weight: 400;\">Cibele de Sousa Menezes (FCECON)<\/span><span style=\"font-weight: 400;\"><br \/>\n<\/span><span style=\"font-weight: 400;\">Daniel Ferreira Dias (FCECON)<\/span><span style=\"font-weight: 400;\"><br \/>\n<\/span><span style=\"font-weight: 400;\">Fl\u00e1via Beatriz Oliveira de Souza (PREVINA-SE)<\/span><span style=\"font-weight: 400;\"><br \/>\n<\/span><span style=\"font-weight: 400;\">Fl\u00e1via N\u00edniver de Oliveira Gomes (PPGIBA\/UFAM)<br \/>\n<\/span><span style=\"font-weight: 400;\">Giovanna Melo Portilho (FCECON)<\/span><span style=\"font-weight: 400;\"><br \/>\n<\/span><span style=\"font-weight: 400;\">Jhonnatan Silva de Souza (PPGIBA\/UFAM)<\/span><span style=\"font-weight: 400;\"><br \/>\n<\/span><span style=\"font-weight: 400;\">Josiane da Silva Neves (FCECON)<\/span><span style=\"font-weight: 400;\"><br \/>\n<\/span><span style=\"font-weight: 400;\">J\u00falia M\u00f4nica Marcelino Benevides (FCECON)<\/span><span style=\"font-weight: 400;\"><br \/>\n<\/span><span style=\"font-weight: 400;\">K\u00e1tia Luz Torres Silva (FCECON)<\/span><span style=\"font-weight: 400;\"><br \/>\n<\/span><span style=\"font-weight: 400;\">La\u00eds da Motta Pompeu (FCECON)<br \/>\n<\/span><span style=\"font-weight: 400;\">La\u00eds Landstiener de Vasconcelos Sena (FCECON)<\/span><span style=\"font-weight: 400;\"><br \/>\n<\/span><span style=\"font-weight: 400;\">Larissa da Cruz Portela (PREVINA-SE)<\/span><span style=\"font-weight: 400;\"><br \/>\n<\/span><span style=\"font-weight: 400;\">Leidiane Mendes Brito (FCECON)<\/span><span style=\"font-weight: 400;\"><br \/>\n<\/span><span style=\"font-weight: 400;\">Lia Mizobe Ono (FCECON)<\/span><span style=\"font-weight: 400;\"><br \/>\n<\/span><span style=\"font-weight: 400;\">L\u00edvia Raquel Gusm\u00e3o Macedo (PPGIBA\/UFAM)<\/span><span style=\"font-weight: 400;\"><br \/>\n<\/span><span style=\"font-weight: 400;\">Lu\u00eds Mansueto Pereira Filho (FCECON)<\/span><span style=\"font-weight: 400;\"><br \/>\n<\/span><span style=\"font-weight: 400;\">Mariani Damasceno\u00a0da\u00a0Silva (FCECON)<\/span><span style=\"font-weight: 400;\"><br \/>\n<\/span><span style=\"font-weight: 400;\">Mikele Praia de Oliveira (PPGIBA\/UFAM)<\/span><span style=\"font-weight: 400;\"><br \/>\n<\/span><span style=\"font-weight: 400;\">Nayara Sousa Castro (FCECON)<\/span><span style=\"font-weight: 400;\"><br \/>\n<\/span><span style=\"font-weight: 400;\">Rosyana de F\u00e1tima Vieira de Albuquerque (FCECON)<\/span><span style=\"font-weight: 400;\"><br \/>\n<\/span><span style=\"font-weight: 400;\">Sth\u00e9fanny Caroline Mendes Azevedo (FCECON)<\/span><span style=\"font-weight: 400;\"><br \/>\n<\/span><span style=\"font-weight: 400;\">Tatiana Amaral Pires de Almeida (FVS-RPC)<\/span><span style=\"font-weight: 400;\"><br \/>\n<\/span><span style=\"font-weight: 400;\">Valquiria do Carmo Alves Martins (FCECON)<\/span><span style=\"font-weight: 400;\"><br \/>\n<\/span><\/p>\n<hr \/>\n<h3>COMIT\u00ca T\u00c9CNICO-CIENT\u00cdFICO<\/h3>\n<p><span style=\"font-weight: 400;\">\u00c1bner Souza Paz (FCECON)<\/span><span style=\"font-weight: 400;\"><br \/>\n<\/span><span style=\"font-weight: 400;\">Allyson Guimar\u00e3es Costa (UFAM\/PPGIBA)<\/span><span style=\"font-weight: 400;\"><br \/>\n<\/span><span style=\"font-weight: 400;\">Ana Elis Guimar\u00e3es Ara\u00fajo (SEMSA\/FCECON)<\/span><span style=\"font-weight: 400;\"><br \/>\n<\/span><span style=\"font-weight: 400;\">Andrea Paiva Gadelha Guimar\u00e3es (AC Camargo Cancer Center)<\/span><span style=\"font-weight: 400;\"><br \/>\n<\/span><span style=\"font-weight: 400;\">Edilene Coelho Duarte (FCECON)<\/span><span style=\"font-weight: 400;\"><br \/>\n<\/span><span style=\"font-weight: 400;\">Felipe Luz Torres Silva (Centro de Pesquisa Boldrini)<br \/>\n<\/span><span style=\"font-weight: 400;\">Giuseppe Figliuolo (FCECON)<\/span><span style=\"font-weight: 400;\"><br \/>\n<\/span><span style=\"font-weight: 400;\">Gustavo Cardoso Guimar\u00e3es (AC Camargo Cancer Center)<br \/>\nHigino Felipe Figueiredo (FCECON)<\/span><span style=\"font-weight: 400;\"><br \/>\n<\/span><span style=\"font-weight: 400;\">Hilka Flavia Barra do Esp\u00edrito Santo (FCECON)<br \/>\n<\/span><span style=\"font-weight: 400;\">Jerusa Ara\u00fajo Quint\u00e3o Arantes Faria (UFAM\/PPGIBA)<br \/>\n<\/span><span style=\"font-weight: 400;\">Jos\u00e9 Correa Neto (FCECON)<\/span><span style=\"font-weight: 400;\"><br \/>\n<\/span><span style=\"font-weight: 400;\">J\u00falia M\u00f4nica Marcelino Benevides (FCECON)<\/span><span style=\"font-weight: 400;\"><br \/>\n<\/span><span style=\"font-weight: 400;\">K\u00e1tia Luz Torres Silva (FCECON)<br \/>\n<\/span><span style=\"font-weight: 400;\">Leidiane Mendes Brito (FCECON)<\/span><span style=\"font-weight: 400;\"><br \/>\n<\/span><span style=\"font-weight: 400;\">Lia Mizobe Ono (FCECON)<br \/>\n<\/span><span style=\"font-weight: 400;\">M\u00e1rcio Neves Stefani (FCECON)<br \/>\n<\/span><span style=\"font-weight: 400;\">Maria Carolina Coutinho Xavier Soares (FCECON)<br \/>\n<\/span><span style=\"font-weight: 400;\">Mariana Beraldo (Benefic\u00eancia Portuguesa de S\u00e3o Paulo)<\/span><span style=\"font-weight: 400;\"><br \/>\n<\/span><span style=\"font-weight: 400;\">Mirlane Guimaraes de Melo Cardoso (FCECON)<\/span><span style=\"font-weight: 400;\"><br \/>\n<\/span><span style=\"font-weight: 400;\">Patricia Chagas Lima (FCECON)<br \/>\n<\/span><span style=\"font-weight: 400;\">Suzan Carol de Oliveira Biscaro (FCECON)<\/span><span style=\"font-weight: 400;\"><br \/>\n<\/span><span style=\"font-weight: 400;\">William Hiromi Fuzita (Oncologia Sensumed)<\/span><\/p>\n<hr \/>\n<h3>TRABALHOS CIENT\u00cdFICOS<\/h3>\n<p><span style=\"font-weight: 400;\">Cibele de Sousa Menezes (FCECON)<br \/>\n<\/span><span style=\"font-weight: 400;\">Leidiane Mendes Brito (FCECON)<br \/>\n<\/span><span style=\"font-weight: 400;\">Heidy Halanna de Melo Farah Rondon<br \/>\n<\/span><span style=\"font-weight: 400;\">Rosyana de F\u00e1tima Vieira de Albuquerque (FCECON)<br \/>\n<\/span><span style=\"font-weight: 400;\">Tatiana Amaral Pires de Almeida (FVS-RPC)<br \/>\n<\/span><span style=\"font-weight: 400;\">Valquiria do Carmo Alves Martins (FCECON)<\/span>[\/vc_column_text][\/vc_column_inner][\/vc_row_inner][\/vc_column][\/vc_row]<\/p>\n<\/div>","protected":false},"excerpt":{"rendered":"<p>[vc_row full_width=&#8221;stretch_row_content_no_spaces&#8221; css=&#8221;.vc_custom_1744890282708{padding-top: 4px !important;padding-bottom: 4px !important;background-color: #B7183B !important;}&#8221;][vc_column][\/vc_column][\/vc_row][vc_row full_width=&#8221;stretch_row_content_no_spaces&#8221; css=&#8221;.vc_custom_1744892254016{margin-top: -40px !important;margin-bottom: 0px !important;background-image: url(https:\/\/2sharecomunicacao.com.br\/sites\/panamazonicodeoncologia.com\/wp-content\/uploads\/2025\/04\/bg_internas.jpg?id=35) !important;background-position: 0 0 !important;background-repeat: repeat !important;}&#8221;][vc_column][vc_row_inner css=&#8221;.vc_custom_1744892263182{margin-top: 40px !important;margin-right: 30px !important;margin-left: 30px !important;padding-top: 40px !important;padding-bottom: 40px !important;background-color: #FFF5DA !important;}&#8221;][vc_column_inner css=&#8221;.vc_custom_1744889564161{padding-right: 40px !important;padding-left: 40px !important;}&#8221;][vc_column_text css=&#8221;&#8221;] COMISS\u00c3O EXECUTIVA Presidente do Congresso: K\u00e1tia Luz Torres Silva Vice-Presidente: Valqu\u00edria do Carmo Alves Martins Secret\u00e1ria: Josiane da Silva<\/p>\n<div class=\"h10\"><\/div>\n<p><a class=\"more-link1\" href=\"https:\/\/panamazonicodeoncologia.com\/2025\/comissoes\/\">Read more<\/a><\/p>\n","protected":false},"author":1,"featured_media":0,"parent":0,"menu_order":0,"comment_status":"closed","ping_status":"closed","template":"","meta":{"footnotes":""},"class_list":["post-94","page","type-page","status-publish","hentry"],"_links":{"self":[{"href":"https:\/\/panamazonicodeoncologia.com\/2025\/wp-json\/wp\/v2\/pages\/94","targetHints":{"allow":["GET"]}}],"collection":[{"href":"https:\/\/panamazonicodeoncologia.com\/2025\/wp-json\/wp\/v2\/pages"}],"about":[{"href":"https:\/\/panamazonicodeoncologia.com\/2025\/wp-json\/wp\/v2\/types\/page"}],"author":[{"embeddable":true,"href":"https:\/\/panamazonicodeoncologia.com\/2025\/wp-json\/wp\/v2\/users\/1"}],"replies":[{"embeddable":true,"href":"https:\/\/panamazonicodeoncologia.com\/2025\/wp-json\/wp\/v2\/comments?post=94"}],"version-history":[{"count":17,"href":"https:\/\/panamazonicodeoncologia.com\/2025\/wp-json\/wp\/v2\/pages\/94\/revisions"}],"predecessor-version":[{"id":770,"href":"https:\/\/panamazonicodeoncologia.com\/2025\/wp-json\/wp\/v2\/pages\/94\/revisions\/770"}],"wp:attachment":[{"href":"https:\/\/panamazonicodeoncologia.com\/2025\/wp-json\/wp\/v2\/media?parent=94"}],"curies":[{"name":"wp","href":"https:\/\/api.w.org\/{rel}","templated":true}]}}