{"id":86,"date":"2025-04-17T09:54:39","date_gmt":"2025-04-17T12:54:39","guid":{"rendered":"https:\/\/2sharecomunicacao.com.br\/sites\/panamazonicodeoncologia.com\/?page_id=86"},"modified":"2025-10-27T14:55:51","modified_gmt":"2025-10-27T17:55:51","slug":"fcecon","status":"publish","type":"page","link":"https:\/\/panamazonicodeoncologia.com\/2025\/fcecon\/","title":{"rendered":"FCECON"},"content":{"rendered":"<div class=\"wpb-content-wrapper\"><p>[vc_row full_width=&#8221;stretch_row_content_no_spaces&#8221; css=&#8221;.vc_custom_1744890282708{padding-top: 4px !important;padding-bottom: 4px !important;background-color: #B7183B !important;}&#8221;][vc_column][\/vc_column][\/vc_row][vc_row full_width=&#8221;stretch_row_content_no_spaces&#8221; css=&#8221;.vc_custom_1744892254016{margin-top: -40px !important;margin-bottom: 0px !important;background-image: url(https:\/\/2sharecomunicacao.com.br\/sites\/panamazonicodeoncologia.com\/wp-content\/uploads\/2025\/04\/bg_internas.jpg?id=35) !important;background-position: 0 0 !important;background-repeat: repeat !important;}&#8221;][vc_column][vc_row_inner css=&#8221;.vc_custom_1744892263182{margin-top: 40px !important;margin-right: 30px !important;margin-left: 30px !important;padding-top: 40px !important;padding-bottom: 40px !important;background-color: #FFF5DA !important;}&#8221;][vc_column_inner width=&#8221;5\/6&#8243; css=&#8221;.vc_custom_1744889564161{padding-right: 40px !important;padding-left: 40px !important;}&#8221;]<h2 class=\"boc_heading  al_left  \"  style=\"margin-bottom: 20px;margin-top: 0px;color: #333;\"><span>FCECON<\/span><\/h2>[vc_column_text css=&#8221;&#8221;]<\/p>\n<h3><span class=\"fontstyle0\">FUNDA\u00c7\u00c3O CENTRO DE CONTROLE DE ONCOLOGIA DO ESTADO DO AMAZONAS<\/span><\/h3>\n<p>Fundada em 1974, como Centro de Oncologia (CECON), a unidade hospitalar foi transformada, em 1989, em Funda\u00e7\u00e3o Centro de Controle de Oncologia do Estado do Amazonas (FCecon). Com 50 anos de cria\u00e7\u00e3o, hoje, re\u00fane diversas especialidades m\u00e9dicas e os principais tratamentos oncol\u00f3gicos, fator que consolidou a institui\u00e7\u00e3o como refer\u00eancia no tratamento do c\u00e2ncer em toda a Amaz\u00f4nia Ocidental. Al\u00e9m do renomado corpo cl\u00ednico, a Funda\u00e7\u00e3o tamb\u00e9m se destaca pelas a\u00e7\u00f5es desenvolvidas nas \u00e1reas de Preven\u00e7\u00e3o e Ensino e Pesquisa, as quais foram ampliadas significativamente, nos \u00faltimos anos, com o aumento do n\u00famero de campanhas de combate \u00e0 doen\u00e7a e pesquisas envolvendo acad\u00eamicos e doutores, fortalecendo a \u00e1rea cient\u00edfica no Estado. Na assist\u00eancia, a institui\u00e7\u00e3o tem capacitado periodicamente sua equipe, que inclui m\u00e9dicos, enfermeiros, t\u00e9cnicos de enfermagem, de radiologia e de radioterapia, a partir de cursos, palestras e atividades desenvolvidas nas depend\u00eancias da FCecon, al\u00e9m de apostar em a\u00e7\u00f5es voltadas \u00e0 humaniza\u00e7\u00e3o.<\/p>\n<p><span class=\"fontstyle0\">Fonte: <\/span><a href=\"https:\/\/www.fcecon.am.gov.br\/\" target=\"_blank\" rel=\"noopener\"><span class=\"fontstyle0\">Site da FCECON<\/span><\/a><\/p>\n<p><span class=\"fontstyle0\"><br \/>\n<\/span><span class=\"fontstyle0\">Diretor Presidente: <strong>Gerson Ant\u00f4nio dos Santos Mour\u00e3o<\/strong><br \/>\nDiretor Administrativo-Financeiro: <strong>Deuza Maria Nogueira Rosario <\/strong><br \/>\nDiretor T\u00e9cnico: <strong>Hilka Fl\u00e1via Barra do Esp\u00edrito Santo Alves Pereira<\/strong><br \/>\nDiretor de Ensino e Pesquisa: <strong>K\u00e1tia Luz Torres Silva<\/strong><\/span>[\/vc_column_text][\/vc_column_inner][vc_column_inner width=&#8221;1\/6&#8243;][\/vc_column_inner][\/vc_row_inner][\/vc_column][\/vc_row]<\/p>\n<\/div>","protected":false},"excerpt":{"rendered":"<p>[vc_row full_width=&#8221;stretch_row_content_no_spaces&#8221; css=&#8221;.vc_custom_1744890282708{padding-top: 4px !important;padding-bottom: 4px !important;background-color: #B7183B !important;}&#8221;][vc_column][\/vc_column][\/vc_row][vc_row full_width=&#8221;stretch_row_content_no_spaces&#8221; css=&#8221;.vc_custom_1744892254016{margin-top: -40px !important;margin-bottom: 0px !important;background-image: url(https:\/\/2sharecomunicacao.com.br\/sites\/panamazonicodeoncologia.com\/wp-content\/uploads\/2025\/04\/bg_internas.jpg?id=35) !important;background-position: 0 0 !important;background-repeat: repeat !important;}&#8221;][vc_column][vc_row_inner css=&#8221;.vc_custom_1744892263182{margin-top: 40px !important;margin-right: 30px !important;margin-left: 30px !important;padding-top: 40px !important;padding-bottom: 40px !important;background-color: #FFF5DA !important;}&#8221;][vc_column_inner width=&#8221;5\/6&#8243; css=&#8221;.vc_custom_1744889564161{padding-right: 40px !important;padding-left: 40px !important;}&#8221;][vc_column_text css=&#8221;&#8221;] FUNDA\u00c7\u00c3O CENTRO DE CONTROLE DE ONCOLOGIA DO ESTADO DO AMAZONAS Fundada em 1974, como Centro de Oncologia (CECON),<\/p>\n<div class=\"h10\"><\/div>\n<p><a class=\"more-link1\" href=\"https:\/\/panamazonicodeoncologia.com\/2025\/fcecon\/\">Read more<\/a><\/p>\n","protected":false},"author":1,"featured_media":0,"parent":0,"menu_order":0,"comment_status":"closed","ping_status":"closed","template":"","meta":{"footnotes":""},"class_list":["post-86","page","type-page","status-publish","hentry"],"_links":{"self":[{"href":"https:\/\/panamazonicodeoncologia.com\/2025\/wp-json\/wp\/v2\/pages\/86","targetHints":{"allow":["GET"]}}],"collection":[{"href":"https:\/\/panamazonicodeoncologia.com\/2025\/wp-json\/wp\/v2\/pages"}],"about":[{"href":"https:\/\/panamazonicodeoncologia.com\/2025\/wp-json\/wp\/v2\/types\/page"}],"author":[{"embeddable":true,"href":"https:\/\/panamazonicodeoncologia.com\/2025\/wp-json\/wp\/v2\/users\/1"}],"replies":[{"embeddable":true,"href":"https:\/\/panamazonicodeoncologia.com\/2025\/wp-json\/wp\/v2\/comments?post=86"}],"version-history":[{"count":5,"href":"https:\/\/panamazonicodeoncologia.com\/2025\/wp-json\/wp\/v2\/pages\/86\/revisions"}],"predecessor-version":[{"id":751,"href":"https:\/\/panamazonicodeoncologia.com\/2025\/wp-json\/wp\/v2\/pages\/86\/revisions\/751"}],"wp:attachment":[{"href":"https:\/\/panamazonicodeoncologia.com\/2025\/wp-json\/wp\/v2\/media?parent=86"}],"curies":[{"name":"wp","href":"https:\/\/api.w.org\/{rel}","templated":true}]}}