{"id":508,"date":"2025-08-29T12:23:11","date_gmt":"2025-08-29T15:23:11","guid":{"rendered":"https:\/\/panamazonicodeoncologia.com\/2025\/?page_id=508"},"modified":"2025-11-10T14:38:28","modified_gmt":"2025-11-10T17:38:28","slug":"12-11-sala-3","status":"publish","type":"page","link":"https:\/\/panamazonicodeoncologia.com\/2025\/programacao\/12-11-sala-3\/","title":{"rendered":"12-11 Sala 3 &#8211; Rio Solim\u00f5es"},"content":{"rendered":"<div class=\"wpb-content-wrapper\"><p>[vc_row full_width=&#8221;stretch_row_content_no_spaces&#8221; css=&#8221;.vc_custom_1744890282708{padding-top: 4px !important;padding-bottom: 4px !important;background-color: #B7183B !important;}&#8221;][vc_column][\/vc_column][\/vc_row][vc_row full_width=&#8221;stretch_row_content_no_spaces&#8221; css=&#8221;.vc_custom_1756489619647{margin-top: -40px !important;margin-bottom: 0px !important;background-image: url(https:\/\/2sharecomunicacao.com.br\/sites\/panamazonicodeoncologia.com\/wp-content\/uploads\/2025\/04\/bg_internas.jpg?id=35) !important;background-position: 0 0 !important;background-repeat: repeat !important;}&#8221; row_title=&#8221;Sala 3 &#8211; Dia 12 de Novembro&#8221; el_id=&#8221;cancer-de-mama&#8221;][vc_column][vc_row_inner css=&#8221;.vc_custom_1746829883543{margin-top: 40px !important;margin-right: 30px !important;margin-left: 30px !important;padding-top: 40px !important;background-color: #FFF5DA !important;}&#8221;][vc_column_inner css=&#8221;.vc_custom_1756473912379{margin-bottom: 10px !important;padding-right: 40px !important;padding-left: 40px !important;}&#8221;][vc_column_text css=&#8221;&#8221;]<\/p>\n<h4 style=\"text-align: left;\"><a href=\"https:\/\/panamazonicodeoncologia.com\/2025\/programacao\/#12-11-2025-sala-3\"><strong>Sala 3 &#8211; Rio Solim\u00f5es &#8211; 12 de novembro de 2025<\/strong><\/a><\/h4>\n<p>[\/vc_column_text][vc_column_text css=&#8221;.vc_custom_1756480921161{margin-top: -20px !important;}&#8221;]<\/p>\n<p style=\"text-align: left;\"><a href=\"https:\/\/panamazonicodeoncologia.com\/2025\/programacao\/#12-11-2025-sala-3\">Programa\u00e7\u00e3o<\/a> &gt; C\u00e2ncer de Mama<\/p>\n<p>[\/vc_column_text]<h2 class=\"boc_heading  al_left  \"  style=\"margin-bottom: 20px;margin-top: 0px;color: #333;\"><span>C\u00e2ncer de Mama<\/span><\/h2><div class=\"boc_spacing viewMobile\" style=\"height: 20px\"><\/div>[\/vc_column_inner][\/vc_row_inner][vc_row_inner equal_height=&#8221;yes&#8221; content_placement=&#8221;middle&#8221; gap=&#8221;4&#8243; css=&#8221;.vc_custom_1756477853313{margin-top: -96px !important;margin-right: 30px !important;margin-left: 30px !important;padding-top: 20px !important;padding-right: 20px !important;padding-bottom: 40px !important;padding-left: 20px !important;background-color: #FFF5DA !important;}&#8221;][vc_column_inner width=&#8221;1\/6&#8243; css=&#8221;.vc_custom_1756480968209{background-color: #D4DBFF !important;}&#8221;][vc_column_text css=&#8221;.vc_custom_1756475188659{padding-top: 20px !important;padding-right: 20px !important;padding-bottom: 20px !important;padding-left: 20px !important;}&#8221;]<\/p>\n<p style=\"text-align: center;\"><strong>8:30 &#8211; 8:45<\/strong><\/p>\n<p>[\/vc_column_text][\/vc_column_inner][vc_column_inner width=&#8221;5\/6&#8243; css=&#8221;.vc_custom_1756473743595{background-color: #FFFFFF !important;}&#8221;][vc_column_text css=&#8221;.vc_custom_1762795790180{padding-right: 20px !important;padding-bottom: 20px !important;padding-left: 20px !important;}&#8221;]<\/p>\n<h4 style=\"text-align: left;\">Estilo de Vida e C\u00e2ncer de Mama<\/h4>\n<p>Carlos Alberto Ruiz (SP)[\/vc_column_text][\/vc_column_inner][\/vc_row_inner][vc_row_inner equal_height=&#8221;yes&#8221; content_placement=&#8221;middle&#8221; gap=&#8221;4&#8243; css=&#8221;.vc_custom_1756473766514{margin-top: -96px !important;margin-right: 30px !important;margin-left: 30px !important;padding-top: 20px !important;padding-right: 20px !important;padding-bottom: 40px !important;padding-left: 20px !important;background-color: #FFF5DA !important;}&#8221;][vc_column_inner width=&#8221;1\/6&#8243; css=&#8221;.vc_custom_1756480975560{background-color: #D4DBFF !important;}&#8221;][vc_column_text css=&#8221;.vc_custom_1756475297339{padding-top: 20px !important;padding-right: 20px !important;padding-bottom: 20px !important;padding-left: 20px !important;}&#8221;]<\/p>\n<p style=\"text-align: center;\"><strong>8:45 &#8211; 9:00<\/strong><\/p>\n<p>[\/vc_column_text][\/vc_column_inner][vc_column_inner width=&#8221;5\/6&#8243; css=&#8221;.vc_custom_1756473743595{background-color: #FFFFFF !important;}&#8221;][vc_column_text css=&#8221;.vc_custom_1760533519956{padding-right: 20px !important;padding-bottom: 20px !important;padding-left: 20px !important;}&#8221;]<\/p>\n<h4 style=\"text-align: left;\">Papel da mamografia com contraste no rastreamento<\/h4>\n<p>Sabrina Bianco (AM)[\/vc_column_text][\/vc_column_inner][\/vc_row_inner][vc_row_inner equal_height=&#8221;yes&#8221; content_placement=&#8221;middle&#8221; gap=&#8221;4&#8243; css=&#8221;.vc_custom_1756473766514{margin-top: -96px !important;margin-right: 30px !important;margin-left: 30px !important;padding-top: 20px !important;padding-right: 20px !important;padding-bottom: 40px !important;padding-left: 20px !important;background-color: #FFF5DA !important;}&#8221;][vc_column_inner width=&#8221;1\/6&#8243; css=&#8221;.vc_custom_1756480975560{background-color: #D4DBFF !important;}&#8221;][vc_column_text css=&#8221;.vc_custom_1756481112817{padding-top: 20px !important;padding-right: 20px !important;padding-bottom: 20px !important;padding-left: 20px !important;}&#8221;]<\/p>\n<p style=\"text-align: center;\"><strong>9:00 &#8211; 9:15<\/strong><\/p>\n<p>[\/vc_column_text][\/vc_column_inner][vc_column_inner width=&#8221;5\/6&#8243; css=&#8221;.vc_custom_1756473743595{background-color: #FFFFFF !important;}&#8221;][vc_column_text css=&#8221;.vc_custom_1760533526657{padding-right: 20px !important;padding-bottom: 20px !important;padding-left: 20px !important;}&#8221;]<\/p>\n<h4 style=\"text-align: left;\">C\u00e2ncer de mama em mulheres jovens<\/h4>\n<p>Candice Amorim de Araujo Lima Santos (PE)[\/vc_column_text][\/vc_column_inner][\/vc_row_inner][vc_row_inner equal_height=&#8221;yes&#8221; content_placement=&#8221;middle&#8221; gap=&#8221;4&#8243; css=&#8221;.vc_custom_1756473766514{margin-top: -96px !important;margin-right: 30px !important;margin-left: 30px !important;padding-top: 20px !important;padding-right: 20px !important;padding-bottom: 40px !important;padding-left: 20px !important;background-color: #FFF5DA !important;}&#8221;][vc_column_inner width=&#8221;1\/6&#8243; css=&#8221;.vc_custom_1756480975560{background-color: #D4DBFF !important;}&#8221;][vc_column_text css=&#8221;.vc_custom_1756481161577{padding-top: 20px !important;padding-right: 20px !important;padding-bottom: 20px !important;padding-left: 20px !important;}&#8221;]<\/p>\n<p style=\"text-align: center;\"><strong>9:15 &#8211; 9:30<\/strong><\/p>\n<p>[\/vc_column_text][\/vc_column_inner][vc_column_inner width=&#8221;5\/6&#8243; css=&#8221;.vc_custom_1756473743595{background-color: #FFFFFF !important;}&#8221;][vc_column_text css=&#8221;.vc_custom_1760533535207{padding-right: 20px !important;padding-bottom: 20px !important;padding-left: 20px !important;}&#8221;]<\/p>\n<h4 style=\"text-align: left;\">Quando indicar o teste gen\u00f4mico<\/h4>\n<p>Andr\u00e9 Mattar (SP)[\/vc_column_text][\/vc_column_inner][\/vc_row_inner][vc_row_inner equal_height=&#8221;yes&#8221; content_placement=&#8221;middle&#8221; gap=&#8221;4&#8243; css=&#8221;.vc_custom_1756473766514{margin-top: -96px !important;margin-right: 30px !important;margin-left: 30px !important;padding-top: 20px !important;padding-right: 20px !important;padding-bottom: 40px !important;padding-left: 20px !important;background-color: #FFF5DA !important;}&#8221;][vc_column_inner width=&#8221;1\/6&#8243; css=&#8221;.vc_custom_1756480975560{background-color: #D4DBFF !important;}&#8221;][vc_column_text css=&#8221;.vc_custom_1756481195161{padding-top: 20px !important;padding-right: 20px !important;padding-bottom: 20px !important;padding-left: 20px !important;}&#8221;]<\/p>\n<p style=\"text-align: center;\"><strong>9:30 &#8211; 9:45<\/strong><\/p>\n<p>[\/vc_column_text][\/vc_column_inner][vc_column_inner width=&#8221;5\/6&#8243; css=&#8221;.vc_custom_1756473743595{background-color: #FFFFFF !important;}&#8221;][vc_column_text css=&#8221;.vc_custom_1760533540725{padding-right: 20px !important;padding-bottom: 20px !important;padding-left: 20px !important;}&#8221;]<\/p>\n<h4 style=\"text-align: left;\">Conduta no tratamento do carcinoma in situ<\/h4>\n<p>Carlos Alberto Ruiz (SP)[\/vc_column_text][\/vc_column_inner][\/vc_row_inner][vc_row_inner equal_height=&#8221;yes&#8221; content_placement=&#8221;middle&#8221; gap=&#8221;4&#8243; css=&#8221;.vc_custom_1756473766514{margin-top: -96px !important;margin-right: 30px !important;margin-left: 30px !important;padding-top: 20px !important;padding-right: 20px !important;padding-bottom: 40px !important;padding-left: 20px !important;background-color: #FFF5DA !important;}&#8221;][vc_column_inner width=&#8221;1\/6&#8243; css=&#8221;.vc_custom_1756480975560{background-color: #D4DBFF !important;}&#8221;][vc_column_text css=&#8221;.vc_custom_1756481229952{padding-top: 20px !important;padding-right: 20px !important;padding-bottom: 20px !important;padding-left: 20px !important;}&#8221;]<\/p>\n<p style=\"text-align: center;\"><strong>9:45 &#8211; 10:00<\/strong><\/p>\n<p>[\/vc_column_text][\/vc_column_inner][vc_column_inner width=&#8221;5\/6&#8243; css=&#8221;.vc_custom_1756473743595{background-color: #FFFFFF !important;}&#8221;][vc_column_text css=&#8221;.vc_custom_1760533547310{padding-right: 20px !important;padding-bottom: 20px !important;padding-left: 20px !important;}&#8221;]<\/p>\n<h4 style=\"text-align: left;\">Quando indicar cirurgia up front em triplo negativo<\/h4>\n<p>Andr\u00e9 Mattar (SP)[\/vc_column_text][\/vc_column_inner][\/vc_row_inner][vc_row_inner equal_height=&#8221;yes&#8221; content_placement=&#8221;middle&#8221; gap=&#8221;4&#8243; css=&#8221;.vc_custom_1756473766514{margin-top: -96px !important;margin-right: 30px !important;margin-left: 30px !important;padding-top: 20px !important;padding-right: 20px !important;padding-bottom: 40px !important;padding-left: 20px !important;background-color: #FFF5DA !important;}&#8221;][vc_column_inner width=&#8221;1\/6&#8243; css=&#8221;.vc_custom_1756480975560{background-color: #D4DBFF !important;}&#8221;][vc_column_text css=&#8221;.vc_custom_1756481257912{padding-top: 20px !important;padding-right: 20px !important;padding-bottom: 20px !important;padding-left: 20px !important;}&#8221;]<\/p>\n<p style=\"text-align: center;\"><strong>10:00 &#8211; 10:20<\/strong><\/p>\n<p>[\/vc_column_text][\/vc_column_inner][vc_column_inner width=&#8221;5\/6&#8243; css=&#8221;.vc_custom_1756473743595{background-color: #FFFFFF !important;}&#8221;][vc_column_text css=&#8221;.vc_custom_1760533564977{padding-right: 20px !important;padding-bottom: 20px !important;padding-left: 20px !important;}&#8221;]<\/p>\n<h4 style=\"text-align: left;\">Discuss\u00f5es<\/h4>\n<p><strong>Debatedores:<\/strong> Gerson Mour\u00e3o (AM), Hilka Espirio Santo (AM) e Euler Marques (AM)[\/vc_column_text][\/vc_column_inner][\/vc_row_inner][vc_row_inner equal_height=&#8221;yes&#8221; content_placement=&#8221;middle&#8221; gap=&#8221;4&#8243; css=&#8221;.vc_custom_1756473766514{margin-top: -96px !important;margin-right: 30px !important;margin-left: 30px !important;padding-top: 20px !important;padding-right: 20px !important;padding-bottom: 40px !important;padding-left: 20px !important;background-color: #FFF5DA !important;}&#8221;][vc_column_inner width=&#8221;1\/6&#8243; css=&#8221;.vc_custom_1756489549941{background-color: #FFF5E7 !important;}&#8221;][vc_column_text css=&#8221;.vc_custom_1759865281161{padding-top: 20px !important;padding-right: 20px !important;padding-bottom: 20px !important;padding-left: 20px !important;}&#8221;]<\/p>\n<p style=\"text-align: center;\"><strong>10:30 &#8211; 12:00<\/strong><\/p>\n<p>[\/vc_column_text][\/vc_column_inner][vc_column_inner width=&#8221;5\/6&#8243; css=&#8221;.vc_custom_1756473743595{background-color: #FFFFFF !important;}&#8221;][vc_column_text css=&#8221;.vc_custom_1756489507790{padding-right: 20px !important;padding-bottom: 20px !important;padding-left: 20px !important;}&#8221;]<\/p>\n<h4 style=\"text-align: left;\">Intervalo para abertura e Palestra Magna (sala 1)[\/vc_column_text][\/vc_column_inner][\/vc_row_inner][vc_row_inner css=&#8221;.vc_custom_1761351763955{margin-top: -40px !important;margin-right: 30px !important;margin-left: 30px !important;padding-top: 40px !important;background-color: #FFF5DA !important;}&#8221; el_id=&#8221;simposio-satelite&#8221;][vc_column_inner css=&#8221;.vc_custom_1756473912379{margin-bottom: 10px !important;padding-right: 40px !important;padding-left: 40px !important;}&#8221;][vc_column_text css=&#8221;.vc_custom_1761351794555{margin-top: -20px !important;}&#8221;]<\/h4>\n<p style=\"text-align: left;\"><a href=\"https:\/\/panamazonicodeoncologia.com\/2025\/programacao\/#12-11-2025-sala-3\">Programa\u00e7\u00e3o<\/a> &gt; Simp\u00f3sio Sat\u00e9lite da Daiichi Sankyo<\/p>\n<p>[\/vc_column_text]<h2 class=\"boc_heading  al_left  \"  style=\"margin-bottom: 20px;margin-top: 0px;color: #333;\"><span>Simp\u00f3sio Sat\u00e9lite da Daiichi Sankyo<\/span><\/h2><div class=\"boc_spacing viewMobile\" style=\"height: 20px\"><\/div>[\/vc_column_inner][\/vc_row_inner][vc_row_inner equal_height=&#8221;yes&#8221; content_placement=&#8221;middle&#8221; gap=&#8221;4&#8243; css=&#8221;.vc_custom_1761351774322{margin-top: -96px !important;margin-right: 30px !important;margin-left: 30px !important;padding-top: 20px !important;padding-right: 20px !important;padding-bottom: 40px !important;padding-left: 20px !important;background-color: #FFF5DA !important;}&#8221;][vc_column_inner width=&#8221;1\/6&#8243; css=&#8221;.vc_custom_1756480975560{background-color: #D4DBFF !important;}&#8221;][vc_column_text css=&#8221;.vc_custom_1756478793458{padding-top: 20px !important;padding-right: 20px !important;padding-bottom: 20px !important;padding-left: 20px !important;}&#8221;]<\/p>\n<p style=\"text-align: center;\"><strong>12:00 &#8211; 14:00<\/strong><\/p>\n<p>[\/vc_column_text][\/vc_column_inner][vc_column_inner width=&#8221;5\/6&#8243; css=&#8221;.vc_custom_1756473743595{background-color: #FFFFFF !important;}&#8221;][vc_column_text css=&#8221;.vc_custom_1760533619067{padding-right: 20px !important;padding-bottom: 20px !important;padding-left: 20px !important;}&#8221;]<\/p>\n<h4 style=\"text-align: left;\">Simp\u00f3sio Sat\u00e9lite da Daiichi Sankyo<\/h4>\n<p><strong>HER2 como biomarcador diagn\u00f3stico: a import\u00e2ncia da sinergia entre cirurgi\u00f5es, patologistas e oncologistas<\/strong><\/p>\n<p>Monique Freire (AM)[\/vc_column_text][\/vc_column_inner][\/vc_row_inner][vc_row_inner css=&#8221;.vc_custom_1756490438245{margin-top: -40px !important;margin-right: 30px !important;margin-left: 30px !important;padding-top: 40px !important;background-color: #FFF5DA !important;}&#8221;][vc_column_inner css=&#8221;.vc_custom_1756473912379{margin-bottom: 10px !important;padding-right: 40px !important;padding-left: 40px !important;}&#8221;][vc_column_text css=&#8221;.vc_custom_1756491085038{margin-top: -20px !important;}&#8221;]<\/p>\n<p style=\"text-align: left;\"><a href=\"https:\/\/panamazonicodeoncologia.com\/2025\/programacao\/#12-11-2025-sala-3\">Programa\u00e7\u00e3o<\/a> &gt; Paciente como protagonista do tratamento oncol\u00f3gico<\/p>\n<p>[\/vc_column_text]<h2 class=\"boc_heading  al_left  \"  style=\"margin-bottom: 20px;margin-top: 0px;color: #333;\"><span>Paciente como protagonista do tratamento oncol\u00f3gico <\/span><\/h2><div class=\"boc_spacing viewMobile\" style=\"height: 20px\"><\/div>[\/vc_column_inner][\/vc_row_inner][vc_row_inner equal_height=&#8221;yes&#8221; content_placement=&#8221;middle&#8221; gap=&#8221;4&#8243; css=&#8221;.vc_custom_1756473766514{margin-top: -96px !important;margin-right: 30px !important;margin-left: 30px !important;padding-top: 20px !important;padding-right: 20px !important;padding-bottom: 40px !important;padding-left: 20px !important;background-color: #FFF5DA !important;}&#8221;][vc_column_inner width=&#8221;1\/6&#8243; css=&#8221;.vc_custom_1756490929566{background-color: #F9E6FF !important;}&#8221;][vc_column_text css=&#8221;.vc_custom_1756489908270{padding-top: 20px !important;padding-right: 20px !important;padding-bottom: 20px !important;padding-left: 20px !important;}&#8221;]<\/p>\n<p style=\"text-align: center;\"><strong>14:00 &#8211; 14:30<\/strong><\/p>\n<p>[\/vc_column_text][\/vc_column_inner][vc_column_inner width=&#8221;5\/6&#8243; css=&#8221;.vc_custom_1756473743595{background-color: #FFFFFF !important;}&#8221;][vc_column_text css=&#8221;.vc_custom_1760533652849{padding-right: 20px !important;padding-bottom: 20px !important;padding-left: 20px !important;}&#8221;]<\/p>\n<h4 style=\"text-align: left;\">Paciente como protagonista do tratamento oncol\u00f3gico<\/h4>\n<p>Danielle Veiga Cardoso (AM)[\/vc_column_text][\/vc_column_inner][\/vc_row_inner][vc_row_inner equal_height=&#8221;yes&#8221; content_placement=&#8221;middle&#8221; gap=&#8221;4&#8243; css=&#8221;.vc_custom_1756473766514{margin-top: -96px !important;margin-right: 30px !important;margin-left: 30px !important;padding-top: 20px !important;padding-right: 20px !important;padding-bottom: 40px !important;padding-left: 20px !important;background-color: #FFF5DA !important;}&#8221;][vc_column_inner width=&#8221;1\/6&#8243; css=&#8221;.vc_custom_1756490938197{background-color: #F9E6FF !important;}&#8221;][vc_column_text css=&#8221;.vc_custom_1756489935429{padding-top: 20px !important;padding-right: 20px !important;padding-bottom: 20px !important;padding-left: 20px !important;}&#8221;]<\/p>\n<p style=\"text-align: center;\"><strong>14:30 &#8211; 15:00<\/strong><\/p>\n<p>[\/vc_column_text][\/vc_column_inner][vc_column_inner width=&#8221;5\/6&#8243; css=&#8221;.vc_custom_1756473743595{background-color: #FFFFFF !important;}&#8221;][vc_column_text css=&#8221;.vc_custom_1760533660849{padding-right: 20px !important;padding-bottom: 20px !important;padding-left: 20px !important;}&#8221;]<\/p>\n<h4 style=\"text-align: left;\">Oncofertilidade &#8211; O que n\u00e3o sabemos sobre esta realidade no mundo feminino<\/h4>\n<p>Mirthes Lemos (AM)[\/vc_column_text][\/vc_column_inner][\/vc_row_inner][vc_row_inner equal_height=&#8221;yes&#8221; content_placement=&#8221;middle&#8221; gap=&#8221;4&#8243; css=&#8221;.vc_custom_1756473766514{margin-top: -96px !important;margin-right: 30px !important;margin-left: 30px !important;padding-top: 20px !important;padding-right: 20px !important;padding-bottom: 40px !important;padding-left: 20px !important;background-color: #FFF5DA !important;}&#8221;][vc_column_inner width=&#8221;1\/6&#8243; css=&#8221;.vc_custom_1756490945598{background-color: #F9E6FF !important;}&#8221;][vc_column_text css=&#8221;.vc_custom_1756489980111{padding-top: 20px !important;padding-right: 20px !important;padding-bottom: 20px !important;padding-left: 20px !important;}&#8221;]<\/p>\n<p style=\"text-align: center;\"><strong>15:00 &#8211; 15:20<\/strong><\/p>\n<p>[\/vc_column_text][\/vc_column_inner][vc_column_inner width=&#8221;5\/6&#8243; css=&#8221;.vc_custom_1756473743595{background-color: #FFFFFF !important;}&#8221;][vc_column_text css=&#8221;.vc_custom_1760533690186{padding-right: 20px !important;padding-bottom: 20px !important;padding-left: 20px !important;}&#8221;]<\/p>\n<h4 style=\"text-align: left;\">Discuss\u00f5es<\/h4>\n<p><strong>Debatedores:<\/strong> Danielle Veiga Cardoso (AM)[\/vc_column_text][\/vc_column_inner][\/vc_row_inner][vc_row_inner css=&#8221;.vc_custom_1756491018789{margin-top: -40px !important;margin-right: 30px !important;margin-left: 30px !important;padding-top: 40px !important;background-color: #FFF5DA !important;}&#8221; el_id=&#8221;gestao-e-marketing&#8221; el_class=&#8221;gestao-e-marketing&#8221;][vc_column_inner css=&#8221;.vc_custom_1756473912379{margin-bottom: 10px !important;padding-right: 40px !important;padding-left: 40px !important;}&#8221;][vc_column_text css=&#8221;.vc_custom_1756491057653{margin-top: -20px !important;}&#8221;]<\/p>\n<p style=\"text-align: left;\"><a href=\"https:\/\/panamazonicodeoncologia.com\/2025\/programacao\/#12-11-2025-sala-3\">Programa\u00e7\u00e3o<\/a> &gt; Gest\u00e3o e Marketing em servi\u00e7os de sa\u00fade: olhar para impusionamento de carreira<\/p>\n<p>[\/vc_column_text]<h2 class=\"boc_heading  al_left  \"  style=\"margin-bottom: 20px;margin-top: 0px;color: #333;\"><span>Gest\u00e3o e Marketing em servi\u00e7os de sa\u00fade: olhar para impusionamento de carreira <\/span><\/h2><div class=\"boc_spacing viewMobile\" style=\"height: 20px\"><\/div>[\/vc_column_inner][\/vc_row_inner][vc_row_inner equal_height=&#8221;yes&#8221; content_placement=&#8221;middle&#8221; gap=&#8221;4&#8243; css=&#8221;.vc_custom_1756473766514{margin-top: -96px !important;margin-right: 30px !important;margin-left: 30px !important;padding-top: 20px !important;padding-right: 20px !important;padding-bottom: 40px !important;padding-left: 20px !important;background-color: #FFF5DA !important;}&#8221;][vc_column_inner width=&#8221;1\/6&#8243; css=&#8221;.vc_custom_1756490953077{background-color: #F9E6FF !important;}&#8221;][vc_column_text css=&#8221;.vc_custom_1756490159773{padding-top: 20px !important;padding-right: 20px !important;padding-bottom: 20px !important;padding-left: 20px !important;}&#8221;]<\/p>\n<p style=\"text-align: center;\"><strong>15:20 &#8211; 16:20<\/strong><\/p>\n<p>[\/vc_column_text][\/vc_column_inner][vc_column_inner width=&#8221;5\/6&#8243; css=&#8221;.vc_custom_1756473743595{background-color: #FFFFFF !important;}&#8221;][vc_column_text css=&#8221;.vc_custom_1760533722088{padding-right: 20px !important;padding-bottom: 20px !important;padding-left: 20px !important;}&#8221;]<\/p>\n<h4 style=\"text-align: left;\">Gest\u00e3o e marketing para profissionais de sa\u00fade: olhar para impulsionamento de carreira<\/h4>\n<p>Jefferson Medeiros (AM)[\/vc_column_text][\/vc_column_inner][\/vc_row_inner][vc_row_inner equal_height=&#8221;yes&#8221; content_placement=&#8221;middle&#8221; gap=&#8221;4&#8243; css=&#8221;.vc_custom_1756473766514{margin-top: -96px !important;margin-right: 30px !important;margin-left: 30px !important;padding-top: 20px !important;padding-right: 20px !important;padding-bottom: 40px !important;padding-left: 20px !important;background-color: #FFF5DA !important;}&#8221;][vc_column_inner width=&#8221;1\/6&#8243; css=&#8221;.vc_custom_1756490959446{background-color: #F9E6FF !important;}&#8221;][vc_column_text css=&#8221;.vc_custom_1756490191591{padding-top: 20px !important;padding-right: 20px !important;padding-bottom: 20px !important;padding-left: 20px !important;}&#8221;]<\/p>\n<p style=\"text-align: center;\"><strong>16:20 &#8211; 17:00<\/strong><\/p>\n<p>[\/vc_column_text][\/vc_column_inner][vc_column_inner width=&#8221;5\/6&#8243; css=&#8221;.vc_custom_1756473743595{background-color: #FFFFFF !important;}&#8221;][vc_column_text css=&#8221;.vc_custom_1761760762461{padding-right: 20px !important;padding-bottom: 20px !important;padding-left: 20px !important;}&#8221;]<\/p>\n<h4 style=\"text-align: left;\">Debate e interatividade com o p\u00fablico<\/h4>\n<p>Debatedores: Rizzieri Gomes (AM) e Fernando Trigueiro (AM)[\/vc_column_text][\/vc_column_inner][\/vc_row_inner][\/vc_column][\/vc_row]<\/p>\n<\/div>","protected":false},"excerpt":{"rendered":"<p>[vc_row full_width=&#8221;stretch_row_content_no_spaces&#8221; css=&#8221;.vc_custom_1744890282708{padding-top: 4px !important;padding-bottom: 4px !important;background-color: #B7183B !important;}&#8221;][vc_column][\/vc_column][\/vc_row][vc_row full_width=&#8221;stretch_row_content_no_spaces&#8221; css=&#8221;.vc_custom_1756489619647{margin-top: -40px !important;margin-bottom: 0px !important;background-image: url(https:\/\/2sharecomunicacao.com.br\/sites\/panamazonicodeoncologia.com\/wp-content\/uploads\/2025\/04\/bg_internas.jpg?id=35) !important;background-position: 0 0 !important;background-repeat: repeat !important;}&#8221; row_title=&#8221;Sala 3 &#8211; Dia 12 de Novembro&#8221; el_id=&#8221;cancer-de-mama&#8221;][vc_column][vc_row_inner css=&#8221;.vc_custom_1746829883543{margin-top: 40px !important;margin-right: 30px !important;margin-left: 30px !important;padding-top: 40px !important;background-color: #FFF5DA !important;}&#8221;][vc_column_inner css=&#8221;.vc_custom_1756473912379{margin-bottom: 10px !important;padding-right: 40px !important;padding-left: 40px !important;}&#8221;][vc_column_text css=&#8221;&#8221;] Sala 3 &#8211; Rio Solim\u00f5es &#8211; 12 de novembro de 2025<\/p>\n<div class=\"h10\"><\/div>\n<p><a class=\"more-link1\" href=\"https:\/\/panamazonicodeoncologia.com\/2025\/programacao\/12-11-sala-3\/\">Read more<\/a><\/p>\n","protected":false},"author":1,"featured_media":0,"parent":25,"menu_order":0,"comment_status":"closed","ping_status":"closed","template":"","meta":{"footnotes":""},"class_list":["post-508","page","type-page","status-publish","hentry"],"_links":{"self":[{"href":"https:\/\/panamazonicodeoncologia.com\/2025\/wp-json\/wp\/v2\/pages\/508","targetHints":{"allow":["GET"]}}],"collection":[{"href":"https:\/\/panamazonicodeoncologia.com\/2025\/wp-json\/wp\/v2\/pages"}],"about":[{"href":"https:\/\/panamazonicodeoncologia.com\/2025\/wp-json\/wp\/v2\/types\/page"}],"author":[{"embeddable":true,"href":"https:\/\/panamazonicodeoncologia.com\/2025\/wp-json\/wp\/v2\/users\/1"}],"replies":[{"embeddable":true,"href":"https:\/\/panamazonicodeoncologia.com\/2025\/wp-json\/wp\/v2\/comments?post=508"}],"version-history":[{"count":17,"href":"https:\/\/panamazonicodeoncologia.com\/2025\/wp-json\/wp\/v2\/pages\/508\/revisions"}],"predecessor-version":[{"id":968,"href":"https:\/\/panamazonicodeoncologia.com\/2025\/wp-json\/wp\/v2\/pages\/508\/revisions\/968"}],"up":[{"embeddable":true,"href":"https:\/\/panamazonicodeoncologia.com\/2025\/wp-json\/wp\/v2\/pages\/25"}],"wp:attachment":[{"href":"https:\/\/panamazonicodeoncologia.com\/2025\/wp-json\/wp\/v2\/media?parent=508"}],"curies":[{"name":"wp","href":"https:\/\/api.w.org\/{rel}","templated":true}]}}