{"id":41,"date":"2025-04-17T09:10:06","date_gmt":"2025-04-17T12:10:06","guid":{"rendered":"https:\/\/2sharecomunicacao.com.br\/sites\/panamazonicodeoncologia.com\/?page_id=41"},"modified":"2025-04-24T07:29:10","modified_gmt":"2025-04-24T10:29:10","slug":"boas-vindas","status":"publish","type":"page","link":"https:\/\/panamazonicodeoncologia.com\/2025\/boas-vindas\/","title":{"rendered":"BOAS VINDAS"},"content":{"rendered":"<div class=\"wpb-content-wrapper\"><p>[vc_row full_width=&#8221;stretch_row_content_no_spaces&#8221; css=&#8221;.vc_custom_1744890282708{padding-top: 4px !important;padding-bottom: 4px !important;background-color: #B7183B !important;}&#8221;][vc_column][\/vc_column][\/vc_row][vc_row full_width=&#8221;stretch_row_content_no_spaces&#8221; css=&#8221;.vc_custom_1744892254016{margin-top: -40px !important;margin-bottom: 0px !important;background-image: url(https:\/\/2sharecomunicacao.com.br\/sites\/panamazonicodeoncologia.com\/wp-content\/uploads\/2025\/04\/bg_internas.jpg?id=35) !important;background-position: 0 0 !important;background-repeat: repeat !important;}&#8221;][vc_column][vc_row_inner css=&#8221;.vc_custom_1744892263182{margin-top: 40px !important;margin-right: 30px !important;margin-left: 30px !important;padding-top: 40px !important;padding-bottom: 40px !important;background-color: #FFF5DA !important;}&#8221;][vc_column_inner width=&#8221;5\/6&#8243; css=&#8221;.vc_custom_1744889564161{padding-right: 40px !important;padding-left: 40px !important;}&#8221;]<h2 class=\"boc_heading  al_left  \"  style=\"margin-bottom: 20px;margin-top: 0px;color: #333;\"><span>BOAS VINDAS<\/span><\/h2>[vc_column_text css=&#8221;&#8221;]<strong>8\u00ba Congresso Pan-Amaz\u00f4nico de Oncologia<\/strong><\/p>\n<p><img loading=\"lazy\" decoding=\"async\" class=\"size-medium wp-image-44 alignright\" src=\"https:\/\/2sharecomunicacao.com.br\/sites\/panamazonicodeoncologia.com\/wp-content\/uploads\/2025\/04\/boas-vindas_001-300x200.jpg\" alt=\"Pan-Amaz\u00f4nico - Boas Vindas\" width=\"300\" height=\"200\" srcset=\"https:\/\/panamazonicodeoncologia.com\/2025\/wp-content\/uploads\/2025\/04\/boas-vindas_001-300x200.jpg 300w, https:\/\/panamazonicodeoncologia.com\/2025\/wp-content\/uploads\/2025\/04\/boas-vindas_001.jpg 700w\" sizes=\"auto, (max-width: 300px) 100vw, 300px\" \/><\/p>\n<p>O Congresso Pan-Amaz\u00f4nico de Oncologia, evento que ocorre bianualmente em Manaus, Amazonas, est\u00e1 em sua 8a edi\u00e7\u00e3o e este ano ocorrer\u00e1 nos dias 12, 13 e 14 de novembro. Esse evento \u00e9 promovido pela Funda\u00e7\u00e3o Centro de Controle de Oncologia do Estado do Amazonas (FCecon), sendo multidisciplinar e consolidou-se como um dos mais importantes espa\u00e7os de troca de conhecimento e aprendizado na \u00e1rea da oncologia.<\/p>\n<p>No ano de 2023 tivemos a \u00faltima edi\u00e7\u00e3o do Pan Amaz\u00f4nico de Oncologia que contou com a participa\u00e7\u00e3o de 750 pessoas de v\u00e1rios estados do Brasil, entre estudantes e profissionais de medicina, enfermagem, farm\u00e1cia, biomedicina, biologia, fisioterapia, psicologia, nutri\u00e7\u00e3o, odontologia, fonoaudiologia, servi\u00e7o social e demais campos de interesse em oncologia. Para trazer conhecimento e inova\u00e7\u00e3o contamos com 155 palestrantes, sendo 03 palestrantes internacionais, 44 palestrantes de fora do estado do Amazonas (26 palestras apresentadas de forma remota\/virtual ao vivo e 18 presenciais), em 03 salas simult\u00e2neas. Foram apresentados 77 E-p\u00f4steres e 12 trabalhos no formato de comunica\u00e7\u00e3o oral.<\/p>\n<p><img loading=\"lazy\" decoding=\"async\" class=\"size-medium wp-image-46 alignleft\" src=\"https:\/\/2sharecomunicacao.com.br\/sites\/panamazonicodeoncologia.com\/wp-content\/uploads\/2025\/04\/boas-vindas_002-300x200.jpg\" alt=\"Pan-Amaz\u00f4nico - Boas Vindas\" width=\"300\" height=\"200\" srcset=\"https:\/\/panamazonicodeoncologia.com\/2025\/wp-content\/uploads\/2025\/04\/boas-vindas_002-300x200.jpg 300w, https:\/\/panamazonicodeoncologia.com\/2025\/wp-content\/uploads\/2025\/04\/boas-vindas_002-1024x683.jpg 1024w, https:\/\/panamazonicodeoncologia.com\/2025\/wp-content\/uploads\/2025\/04\/boas-vindas_002-768x512.jpg 768w, https:\/\/panamazonicodeoncologia.com\/2025\/wp-content\/uploads\/2025\/04\/boas-vindas_002.jpg 1536w\" sizes=\"auto, (max-width: 300px) 100vw, 300px\" \/>Com um hist\u00f3rico de sucesso nas edi\u00e7\u00f5es anteriores, o congresso tem atra\u00eddo participantes de todo o Brasil, e, nesta edi\u00e7\u00e3o, buscamos expandir ainda mais o alcance, envolvendo estudantes, profissionais e pesquisadores da Am\u00e9rica Latina e do Caribe. Dedicados ao cuidado com o paciente oncol\u00f3gico \u2013 um tema t\u00e3o sens\u00edvel quanto essencial \u2013, esperamos superar o marco de mais de 1000 congressistas das \u00faltimas edi\u00e7\u00f5es.<\/p>\n<p>Nosso principal objetivo \u00e9 fortalecer o networking entre os participantes, fomentando colabora\u00e7\u00f5es e a troca de experi\u00eancias que s\u00e3o fundamentais para superar os desafios na abordagem oncol\u00f3gica. Alinhados \u00e0s tend\u00eancias globais e com a vis\u00e3o de que as ferramentas tecnol\u00f3gicas impulsionam avan\u00e7os significativos na sa\u00fade, teremos como tema central desta edi\u00e7\u00e3o:<\/p>\n<p>\u201cTecnologia e Intelig\u00eancia Artificial: Criando Sustentabilidade e Equidade na Oncologia\u201d.<\/p>\n<p><img loading=\"lazy\" decoding=\"async\" class=\"size-medium wp-image-47 alignright\" src=\"https:\/\/2sharecomunicacao.com.br\/sites\/panamazonicodeoncologia.com\/wp-content\/uploads\/2025\/04\/boas-vindas_003-300x200.jpg\" alt=\"\" width=\"300\" height=\"200\" srcset=\"https:\/\/panamazonicodeoncologia.com\/2025\/wp-content\/uploads\/2025\/04\/boas-vindas_003-300x200.jpg 300w, https:\/\/panamazonicodeoncologia.com\/2025\/wp-content\/uploads\/2025\/04\/boas-vindas_003-1024x683.jpg 1024w, https:\/\/panamazonicodeoncologia.com\/2025\/wp-content\/uploads\/2025\/04\/boas-vindas_003-768x512.jpg 768w, https:\/\/panamazonicodeoncologia.com\/2025\/wp-content\/uploads\/2025\/04\/boas-vindas_003.jpg 1536w\" sizes=\"auto, (max-width: 300px) 100vw, 300px\" \/>O 8\u00ba Congresso Pan-Amaz\u00f4nico de Oncologia ser\u00e1 uma oportunidade \u00fanica para divulgar pesquisas, compartilhar experi\u00eancias exitosas e ampliar a visibilidade acad\u00eamica de trabalhos cient\u00edficos que dialogam com a oncologia em suas diversas \u00e1reas.<\/p>\n<p>Convidamos voc\u00ea a se juntar a n\u00f3s nessa jornada de conhecimento e transforma\u00e7\u00e3o. Sua participa\u00e7\u00e3o ser\u00e1 essencial para fazer deste evento um marco ainda mais significativo!<\/p>\n<p>Aguardamos ansiosamente sua presen\u00e7a em Manaus.<\/p>\n<p><strong>Fonte: Site FCecon.<\/strong>[\/vc_column_text]<div class=\"boc_spacing \" style=\"height: 20px\"><\/div>[\/vc_column_inner][vc_column_inner width=&#8221;1\/6&#8243;][\/vc_column_inner][\/vc_row_inner][\/vc_column][\/vc_row]<\/p>\n<\/div>","protected":false},"excerpt":{"rendered":"<p>[vc_row full_width=&#8221;stretch_row_content_no_spaces&#8221; css=&#8221;.vc_custom_1744890282708{padding-top: 4px !important;padding-bottom: 4px !important;background-color: #B7183B !important;}&#8221;][vc_column][\/vc_column][\/vc_row][vc_row full_width=&#8221;stretch_row_content_no_spaces&#8221; css=&#8221;.vc_custom_1744892254016{margin-top: -40px !important;margin-bottom: 0px !important;background-image: url(https:\/\/2sharecomunicacao.com.br\/sites\/panamazonicodeoncologia.com\/wp-content\/uploads\/2025\/04\/bg_internas.jpg?id=35) !important;background-position: 0 0 !important;background-repeat: repeat !important;}&#8221;][vc_column][vc_row_inner css=&#8221;.vc_custom_1744892263182{margin-top: 40px !important;margin-right: 30px !important;margin-left: 30px !important;padding-top: 40px !important;padding-bottom: 40px !important;background-color: #FFF5DA !important;}&#8221;][vc_column_inner width=&#8221;5\/6&#8243; css=&#8221;.vc_custom_1744889564161{padding-right: 40px !important;padding-left: 40px !important;}&#8221;][vc_column_text css=&#8221;&#8221;]8\u00ba Congresso Pan-Amaz\u00f4nico de Oncologia O Congresso Pan-Amaz\u00f4nico de Oncologia, evento que ocorre bianualmente em Manaus, Amazonas, est\u00e1 em<\/p>\n<div class=\"h10\"><\/div>\n<p><a class=\"more-link1\" href=\"https:\/\/panamazonicodeoncologia.com\/2025\/boas-vindas\/\">Read more<\/a><\/p>\n","protected":false},"author":1,"featured_media":0,"parent":0,"menu_order":0,"comment_status":"closed","ping_status":"closed","template":"","meta":{"footnotes":""},"class_list":["post-41","page","type-page","status-publish","hentry"],"_links":{"self":[{"href":"https:\/\/panamazonicodeoncologia.com\/2025\/wp-json\/wp\/v2\/pages\/41","targetHints":{"allow":["GET"]}}],"collection":[{"href":"https:\/\/panamazonicodeoncologia.com\/2025\/wp-json\/wp\/v2\/pages"}],"about":[{"href":"https:\/\/panamazonicodeoncologia.com\/2025\/wp-json\/wp\/v2\/types\/page"}],"author":[{"embeddable":true,"href":"https:\/\/panamazonicodeoncologia.com\/2025\/wp-json\/wp\/v2\/users\/1"}],"replies":[{"embeddable":true,"href":"https:\/\/panamazonicodeoncologia.com\/2025\/wp-json\/wp\/v2\/comments?post=41"}],"version-history":[{"count":14,"href":"https:\/\/panamazonicodeoncologia.com\/2025\/wp-json\/wp\/v2\/pages\/41\/revisions"}],"predecessor-version":[{"id":321,"href":"https:\/\/panamazonicodeoncologia.com\/2025\/wp-json\/wp\/v2\/pages\/41\/revisions\/321"}],"wp:attachment":[{"href":"https:\/\/panamazonicodeoncologia.com\/2025\/wp-json\/wp\/v2\/media?parent=41"}],"curies":[{"name":"wp","href":"https:\/\/api.w.org\/{rel}","templated":true}]}}