{"id":148,"date":"2025-04-17T13:20:41","date_gmt":"2025-04-17T16:20:41","guid":{"rendered":"https:\/\/2sharecomunicacao.com.br\/sites\/panamazonicodeoncologia.com\/?page_id=148"},"modified":"2025-11-06T14:56:14","modified_gmt":"2025-11-06T17:56:14","slug":"anais-expediente","status":"publish","type":"page","link":"https:\/\/panamazonicodeoncologia.com\/2025\/anais-expediente\/","title":{"rendered":"ANAIS &#8211; EXPEDIENTE"},"content":{"rendered":"<div class=\"wpb-content-wrapper\"><p>[vc_row full_width=&#8221;stretch_row_content_no_spaces&#8221; css=&#8221;.vc_custom_1744890282708{padding-top: 4px !important;padding-bottom: 4px !important;background-color: #B7183B !important;}&#8221;][vc_column][\/vc_column][\/vc_row][vc_row full_width=&#8221;stretch_row_content_no_spaces&#8221; css=&#8221;.vc_custom_1744892254016{margin-top: -40px !important;margin-bottom: 0px !important;background-image: url(https:\/\/2sharecomunicacao.com.br\/sites\/panamazonicodeoncologia.com\/wp-content\/uploads\/2025\/04\/bg_internas.jpg?id=35) !important;background-position: 0 0 !important;background-repeat: repeat !important;}&#8221;][vc_column][vc_row_inner css=&#8221;.vc_custom_1744892263182{margin-top: 40px !important;margin-right: 30px !important;margin-left: 30px !important;padding-top: 40px !important;padding-bottom: 40px !important;background-color: #FFF5DA !important;}&#8221;][vc_column_inner width=&#8221;5\/6&#8243; css=&#8221;.vc_custom_1744889564161{padding-right: 40px !important;padding-left: 40px !important;}&#8221;]<h2 class=\"boc_heading  al_left  \"  style=\"margin-bottom: 20px;margin-top: 0px;color: #333;\"><span>ANAIS &#8211; EXPEDIENTE<\/span><\/h2>[vc_column_text css=&#8221;&#8221;]<\/p>\n<h3><strong><span style=\"color: #993300;\">Comiss\u00e3o Executiva<\/span><br \/>\n<\/strong><\/h3>\n<p><strong>Presidente do Congresso:<\/strong>\u00a0K\u00e1tia Luz Torres Silva<br \/>\n<strong>Vice-Presidente:<\/strong>\u00a0Valqu\u00edria do Carmo Alves Martins<br \/>\n<strong>Secret\u00e1ria:<\/strong>\u00a0Josiane da Silva Neves<br \/>\n<strong>Comunica\u00e7\u00e3o:<\/strong>\u00a0La\u00eds da Motta Pompeo, Lu\u00eds Mansueto Pereira Filho<\/p>\n<hr \/>\n<h3><span style=\"color: #993300;\">Comiss\u00e3o Organizadora<\/span><\/h3>\n<p>Cibele de Sousa Menezes (FCECON)<br \/>\nDaniel Ferreira Dias (FCECON)<br \/>\nFl\u00e1via Beatriz Oliveira de Souza (PREVINA-SE)<br \/>\nFl\u00e1via N\u00edniver de Oliveira Gomes (PPGIBA\/UFAM)<br \/>\nGiovanna Melo Portilho (FCECON)<br \/>\nJhonnatan Silva de Souza (PPGIBA\/UFAM)<br \/>\nJosiane da Silva Neves (FCECON)<br \/>\nJ\u00falia M\u00f4nica Marcelino Benevides (FCECON)<br \/>\nK\u00e1tia Luz Torres Silva (FCECON)<br \/>\nLa\u00eds da Motta Pompeu (FCECON)<br \/>\nLa\u00eds Landstiener de Vasconcelos Sena (FCECON)<br \/>\nLarissa da Cruz Portela (PREVINA-SE)<br \/>\nLeidiane Mendes Brito (FCECON)<br \/>\nLia Mizobe Ono (FCECON)<br \/>\nL\u00edvia Raquel Gusm\u00e3o Macedo (PPGIBA\/UFAM)<br \/>\nLu\u00eds Mansueto Pereira Filho (FCECON)<br \/>\nMariani Damasceno\u00a0da\u00a0Silva (FCECON)<br \/>\nMikele Praia de Oliveira (PPGIBA\/UFAM)<br \/>\nNayara Sousa Castro (FCECON)<br \/>\nRosyana de F\u00e1tima Vieira de Albuquerque (FCECON)<br \/>\nSth\u00e9fanny Caroline Mendes Azevedo (FCECON)<br \/>\nTatiana Amaral Pires de Almeida (FVS-RPC)<br \/>\nValquiria do Carmo Alves Martins (FCECON)<\/p>\n<hr \/>\n<h3><span style=\"color: #993300;\">Comit\u00ea T\u00e9cnico-Cient\u00edfico<\/span><\/h3>\n<p>\u00c1bner Souza Paz (FCECON)<br \/>\nAllyson Guimar\u00e3es Costa (UFAM\/PPGIBA)<br \/>\nAna Elis Guimar\u00e3es Ara\u00fajo (SEMSA\/FCECON)<br \/>\nAndrea Paiva Gadelha Guimar\u00e3es (AC Camargo Cancer Center)<br \/>\nEdilene Coelho Duarte (FCECON)<br \/>\nFelipe Luz Torres Silva (Centro de Pesquisa Boldrini)<br \/>\nGiuseppe Figliuolo (FCECON)<br \/>\nGustavo Cardoso Guimar\u00e3es (AC Camargo Cancer Center)<br \/>\nHigino Felipe Figueiredo (FCECON)<br \/>\nHilka Flavia Barra do Esp\u00edrito Santo (FCECON)<br \/>\nJerusa Ara\u00fajo Quint\u00e3o Arantes Faria (UFAM\/PPGIBA)<br \/>\nJos\u00e9 Correa Neto (FCECON)<br \/>\nJ\u00falia M\u00f4nica Marcelino Benevides (FCECON)<br \/>\nK\u00e1tia Luz Torres Silva (FCECON)<br \/>\nLeidiane Mendes Brito (FCECON)<br \/>\nLia Mizobe Ono (FCECON)<br \/>\nM\u00e1rcio Neves Stefani (FCECON)<br \/>\nMaria Carolina Coutinho Xavier Soares (FCECON)<br \/>\nMariana Beraldo (Benefic\u00eancia Portuguesa de S\u00e3o Paulo)<br \/>\nMirlane Guimaraes de Melo Cardoso (FCECON)<br \/>\nPatricia Chagas Lima (FCECON)<br \/>\nSuzan Carol de Oliveira Biscaro (FCECON)<br \/>\nWilliam Hiromi Fuzita (Oncologia Sensumed)<\/p>\n<hr \/>\n<h3><span style=\"color: #993300;\">Trabalhos Cient\u00edficos<\/span><\/h3>\n<p>Cibele de Sousa Menezes (FCECON)<br \/>\nLeidiane Mendes Brito (FCECON)<br \/>\nHeidy Halanna de Melo Farah Rondon<br \/>\nRosyana de F\u00e1tima Vieira de Albuquerque (FCECON)<br \/>\nTatiana Amaral Pires de Almeida (FVS-RPC)<br \/>\nValquiria do Carmo Alves Martins (FCECON)<\/p>\n<hr \/>\n<h3><strong>Periodicidade<\/strong><\/h3>\n<p>Bienal<\/p>\n<h3><strong>Idioma<\/strong><\/h3>\n<p>Portugu\u00eas<\/p>\n<h3><strong>Editor<\/strong><\/h3>\n<p><strong>Funda\u00e7\u00e3o Centro de Controle de Oncologia do Estado do Amazonas \u2013 FCECON<\/strong><br \/>\nEndere\u00e7o: Rua Francisco Orellana, 215, Planalto \u2013 Manaus\/AM<br \/>\nCEP: 69040-010<\/p>\n<p>[\/vc_column_text][\/vc_column_inner][vc_column_inner width=&#8221;1\/6&#8243;][\/vc_column_inner][\/vc_row_inner][\/vc_column][\/vc_row]<\/p>\n<\/div>","protected":false},"excerpt":{"rendered":"<p>[vc_row full_width=&#8221;stretch_row_content_no_spaces&#8221; css=&#8221;.vc_custom_1744890282708{padding-top: 4px !important;padding-bottom: 4px !important;background-color: #B7183B !important;}&#8221;][vc_column][\/vc_column][\/vc_row][vc_row full_width=&#8221;stretch_row_content_no_spaces&#8221; css=&#8221;.vc_custom_1744892254016{margin-top: -40px !important;margin-bottom: 0px !important;background-image: url(https:\/\/2sharecomunicacao.com.br\/sites\/panamazonicodeoncologia.com\/wp-content\/uploads\/2025\/04\/bg_internas.jpg?id=35) !important;background-position: 0 0 !important;background-repeat: repeat !important;}&#8221;][vc_column][vc_row_inner css=&#8221;.vc_custom_1744892263182{margin-top: 40px !important;margin-right: 30px !important;margin-left: 30px !important;padding-top: 40px !important;padding-bottom: 40px !important;background-color: #FFF5DA !important;}&#8221;][vc_column_inner width=&#8221;5\/6&#8243; css=&#8221;.vc_custom_1744889564161{padding-right: 40px !important;padding-left: 40px !important;}&#8221;][vc_column_text css=&#8221;&#8221;] Comiss\u00e3o Executiva Presidente do Congresso:\u00a0K\u00e1tia Luz Torres Silva Vice-Presidente:\u00a0Valqu\u00edria do Carmo Alves Martins Secret\u00e1ria:\u00a0Josiane da Silva Neves Comunica\u00e7\u00e3o:\u00a0La\u00eds<\/p>\n<div class=\"h10\"><\/div>\n<p><a class=\"more-link1\" href=\"https:\/\/panamazonicodeoncologia.com\/2025\/anais-expediente\/\">Read more<\/a><\/p>\n","protected":false},"author":1,"featured_media":0,"parent":0,"menu_order":0,"comment_status":"closed","ping_status":"closed","template":"","meta":{"footnotes":""},"class_list":["post-148","page","type-page","status-publish","hentry"],"_links":{"self":[{"href":"https:\/\/panamazonicodeoncologia.com\/2025\/wp-json\/wp\/v2\/pages\/148","targetHints":{"allow":["GET"]}}],"collection":[{"href":"https:\/\/panamazonicodeoncologia.com\/2025\/wp-json\/wp\/v2\/pages"}],"about":[{"href":"https:\/\/panamazonicodeoncologia.com\/2025\/wp-json\/wp\/v2\/types\/page"}],"author":[{"embeddable":true,"href":"https:\/\/panamazonicodeoncologia.com\/2025\/wp-json\/wp\/v2\/users\/1"}],"replies":[{"embeddable":true,"href":"https:\/\/panamazonicodeoncologia.com\/2025\/wp-json\/wp\/v2\/comments?post=148"}],"version-history":[{"count":12,"href":"https:\/\/panamazonicodeoncologia.com\/2025\/wp-json\/wp\/v2\/pages\/148\/revisions"}],"predecessor-version":[{"id":955,"href":"https:\/\/panamazonicodeoncologia.com\/2025\/wp-json\/wp\/v2\/pages\/148\/revisions\/955"}],"wp:attachment":[{"href":"https:\/\/panamazonicodeoncologia.com\/2025\/wp-json\/wp\/v2\/media?parent=148"}],"curies":[{"name":"wp","href":"https:\/\/api.w.org\/{rel}","templated":true}]}}