{"id":143,"date":"2025-04-17T13:18:22","date_gmt":"2025-04-17T16:18:22","guid":{"rendered":"https:\/\/2sharecomunicacao.com.br\/sites\/panamazonicodeoncologia.com\/?page_id=143"},"modified":"2025-05-26T07:56:31","modified_gmt":"2025-05-26T10:56:31","slug":"anais-apresentacao","status":"publish","type":"page","link":"https:\/\/panamazonicodeoncologia.com\/2025\/anais-apresentacao\/","title":{"rendered":"ANAIS &#8211; APRESENTA\u00c7\u00c3O"},"content":{"rendered":"<div class=\"wpb-content-wrapper\"><p>[vc_row full_width=&#8221;stretch_row_content_no_spaces&#8221; css=&#8221;.vc_custom_1744890282708{padding-top: 4px !important;padding-bottom: 4px !important;background-color: #B7183B !important;}&#8221;][vc_column][\/vc_column][\/vc_row][vc_row full_width=&#8221;stretch_row_content_no_spaces&#8221; css=&#8221;.vc_custom_1744892254016{margin-top: -40px !important;margin-bottom: 0px !important;background-image: url(https:\/\/2sharecomunicacao.com.br\/sites\/panamazonicodeoncologia.com\/wp-content\/uploads\/2025\/04\/bg_internas.jpg?id=35) !important;background-position: 0 0 !important;background-repeat: repeat !important;}&#8221;][vc_column][vc_row_inner css=&#8221;.vc_custom_1748187393810{margin-top: 40px !important;margin-right: 30px !important;margin-left: 30px !important;padding-top: 40px !important;padding-bottom: 200px !important;background-color: #FFF5DA !important;}&#8221;][vc_column_inner width=&#8221;5\/6&#8243; css=&#8221;.vc_custom_1744889564161{padding-right: 40px !important;padding-left: 40px !important;}&#8221;][vc_column_text css=&#8221;.vc_custom_1748256988137{margin-bottom: 30px !important;}&#8221;]<\/p>\n<h3>Congresso Pan-Amaz\u00f4nico de Oncologia<br \/>\nISSN 2674-8363<\/h3>\n<p>[\/vc_column_text]<h2 class=\"boc_heading  al_left  \"  style=\"margin-bottom: 20px;margin-top: 0px;color: #333;\"><span>APRESENTA\u00c7\u00c3O<\/span><\/h2>[vc_column_text css=&#8221;&#8221;]Os Anais do Congresso Pan-Amaz\u00f4nico de Oncologia s\u00e3o uma publica\u00e7\u00e3o t\u00e9cnico-cient\u00edfica que re\u00fane os trabalhos apresentados durante o evento, refletindo o compromisso cont\u00ednuo com a produ\u00e7\u00e3o e dissemina\u00e7\u00e3o do conhecimento na \u00e1rea oncol\u00f3gica.<\/p>\n<p>Desde sua primeira edi\u00e7\u00e3o em 2011, o congresso tem se consolidado como um espa\u00e7o multidisciplinar de discuss\u00e3o e atualiza\u00e7\u00e3o cient\u00edfica, promovendo o interc\u00e2mbio de experi\u00eancias entre profissionais, pesquisadores e estudantes. A cada edi\u00e7\u00e3o, os anais documentam as contribui\u00e7\u00f5es que impulsionam avan\u00e7os na preven\u00e7\u00e3o, diagn\u00f3stico e tratamento do c\u00e2ncer, especialmente no contexto amaz\u00f4nico.<\/p>\n<p>Esta publica\u00e7\u00e3o visa n\u00e3o apenas registrar as apresenta\u00e7\u00f5es realizadas, mas tamb\u00e9m servir como fonte de consulta e refer\u00eancia para a comunidade cient\u00edfica e profissionais de sa\u00fade, fortalecendo a oncologia na regi\u00e3o e no pa\u00eds.[\/vc_column_text][\/vc_column_inner][vc_column_inner width=&#8221;1\/6&#8243;][\/vc_column_inner][\/vc_row_inner][\/vc_column][\/vc_row]<\/p>\n<\/div>","protected":false},"excerpt":{"rendered":"<p>[vc_row full_width=&#8221;stretch_row_content_no_spaces&#8221; css=&#8221;.vc_custom_1744890282708{padding-top: 4px !important;padding-bottom: 4px !important;background-color: #B7183B !important;}&#8221;][vc_column][\/vc_column][\/vc_row][vc_row full_width=&#8221;stretch_row_content_no_spaces&#8221; css=&#8221;.vc_custom_1744892254016{margin-top: -40px !important;margin-bottom: 0px !important;background-image: url(https:\/\/2sharecomunicacao.com.br\/sites\/panamazonicodeoncologia.com\/wp-content\/uploads\/2025\/04\/bg_internas.jpg?id=35) !important;background-position: 0 0 !important;background-repeat: repeat !important;}&#8221;][vc_column][vc_row_inner css=&#8221;.vc_custom_1748187393810{margin-top: 40px !important;margin-right: 30px !important;margin-left: 30px !important;padding-top: 40px !important;padding-bottom: 200px !important;background-color: #FFF5DA !important;}&#8221;][vc_column_inner width=&#8221;5\/6&#8243; css=&#8221;.vc_custom_1744889564161{padding-right: 40px !important;padding-left: 40px !important;}&#8221;][vc_column_text css=&#8221;.vc_custom_1748256988137{margin-bottom: 30px !important;}&#8221;] Congresso Pan-Amaz\u00f4nico de Oncologia ISSN 2674-8363 [\/vc_column_text][vc_column_text css=&#8221;&#8221;]Os Anais do Congresso Pan-Amaz\u00f4nico de Oncologia s\u00e3o uma<\/p>\n<div class=\"h10\"><\/div>\n<p><a class=\"more-link1\" href=\"https:\/\/panamazonicodeoncologia.com\/2025\/anais-apresentacao\/\">Read more<\/a><\/p>\n","protected":false},"author":1,"featured_media":0,"parent":0,"menu_order":0,"comment_status":"closed","ping_status":"closed","template":"","meta":{"footnotes":""},"class_list":["post-143","page","type-page","status-publish","hentry"],"_links":{"self":[{"href":"https:\/\/panamazonicodeoncologia.com\/2025\/wp-json\/wp\/v2\/pages\/143","targetHints":{"allow":["GET"]}}],"collection":[{"href":"https:\/\/panamazonicodeoncologia.com\/2025\/wp-json\/wp\/v2\/pages"}],"about":[{"href":"https:\/\/panamazonicodeoncologia.com\/2025\/wp-json\/wp\/v2\/types\/page"}],"author":[{"embeddable":true,"href":"https:\/\/panamazonicodeoncologia.com\/2025\/wp-json\/wp\/v2\/users\/1"}],"replies":[{"embeddable":true,"href":"https:\/\/panamazonicodeoncologia.com\/2025\/wp-json\/wp\/v2\/comments?post=143"}],"version-history":[{"count":7,"href":"https:\/\/panamazonicodeoncologia.com\/2025\/wp-json\/wp\/v2\/pages\/143\/revisions"}],"predecessor-version":[{"id":460,"href":"https:\/\/panamazonicodeoncologia.com\/2025\/wp-json\/wp\/v2\/pages\/143\/revisions\/460"}],"wp:attachment":[{"href":"https:\/\/panamazonicodeoncologia.com\/2025\/wp-json\/wp\/v2\/media?parent=143"}],"curies":[{"name":"wp","href":"https:\/\/api.w.org\/{rel}","templated":true}]}}