{"id":130,"date":"2025-04-17T13:03:00","date_gmt":"2025-04-17T16:03:00","guid":{"rendered":"https:\/\/2sharecomunicacao.com.br\/sites\/panamazonicodeoncologia.com\/?page_id=130"},"modified":"2025-05-09T14:23:17","modified_gmt":"2025-05-09T17:23:17","slug":"hospedagem","status":"publish","type":"page","link":"https:\/\/panamazonicodeoncologia.com\/2025\/hospedagem\/","title":{"rendered":"HOSPEDAGEM"},"content":{"rendered":"<div class=\"wpb-content-wrapper\"><p>[vc_row full_width=&#8221;stretch_row_content_no_spaces&#8221; css=&#8221;.vc_custom_1744890282708{padding-top: 4px !important;padding-bottom: 4px !important;background-color: #B7183B !important;}&#8221;][vc_column][\/vc_column][\/vc_row][vc_row full_width=&#8221;stretch_row_content_no_spaces&#8221; css=&#8221;.vc_custom_1744892254016{margin-top: -40px !important;margin-bottom: 0px !important;background-image: url(https:\/\/2sharecomunicacao.com.br\/sites\/panamazonicodeoncologia.com\/wp-content\/uploads\/2025\/04\/bg_internas.jpg?id=35) !important;background-position: 0 0 !important;background-repeat: repeat !important;}&#8221;][vc_column][vc_row_inner css=&#8221;.vc_custom_1744892263182{margin-top: 40px !important;margin-right: 30px !important;margin-left: 30px !important;padding-top: 40px !important;padding-bottom: 40px !important;background-color: #FFF5DA !important;}&#8221;][vc_column_inner width=&#8221;5\/6&#8243; css=&#8221;.vc_custom_1744889564161{padding-right: 40px !important;padding-left: 40px !important;}&#8221;]<h2 class=\"boc_heading  al_left  \"  style=\"margin-bottom: 20px;margin-top: 0px;color: #333;\"><span>HOSPEDAGEM<\/span><\/h2>[vc_column_text css=&#8221;.vc_custom_1746811402956{margin-bottom: 0px !important;}&#8221;]<\/p>\n<h3><span class=\"fontstyle0\">Hotel Express Vieiralves<\/span><\/h3>\n<p><span class=\"fontstyle0\">R. Rio Ituxi, 95 &#8211; Nossa Sra. das Gracas, Manaus &#8211; AM, 69053-530<br \/>\n(92) 3303-9933<\/span><\/p>\n<p><strong><a href=\"https:\/\/www.expressvieiralves.tur.br\/\" target=\"_blank\" rel=\"noopener\"><span class=\"fontstyle0\">www.expressvieiralves.tur.br<\/span><\/a><\/strong><\/p>\n<p>&nbsp;<\/p>\n<h2>Fa\u00e7a sua reserva:<\/h2>\n<p>1.Pelo <strong>SITE<\/strong><a href=\"https:\/\/www.manaushoteis.tur.br\/\">\u00a0 <strong>https:\/\/www.manaushoteis.tur.br\/<\/strong><\/a><strong>.<\/strong><br \/>\n&#8211; Selecionar o hotel, o per\u00edodo e inserir o c\u00f3digo PAONCO2025 no campo &#8220;Promo\u00e7\u00e3o&#8221; e clicar em &#8220;Reserve&#8221;.<br \/>\n&#8211; Ap\u00f3s isto basta escolher a tarifa, preencher os dados de h\u00f3spede e forma de pagamento.<\/p>\n<p>&nbsp;<\/p>\n<p>2. Pode-se efetuar reservas tamb\u00e9m atrav\u00e9s do <strong>WHATSAPP <a href=\"http:\/\/wa.me\/5592999725731\" target=\"_blank\" rel=\"noopener\">92 99972-5731<\/a><\/strong><\/p>\n<p>&#8211; Escolher as op\u00e7\u00f5es oferecidas na conversa e poder\u00e1 ser redirecionado para o site para colocar o c\u00f3digo promocional ou aguardar um atendente lhe responder, no hor\u00e1rio de expediente entre 08h \u00e0s 17h nos dias \u00fateis e s\u00e1bado de 08h \u00e0s 12h.<\/p>\n<p>&nbsp;<\/p>\n<p>3.Por <strong>\u00a0E-MAIL &#8211; <\/strong>\u00a0<a href=\"mailto:reservas@manaushoteis.tur.br\"><strong>reservas03@manaushoteis.tur.br<\/strong><\/a><strong><br \/>\n&#8211; <\/strong>\u00a0solicitando reserva com as informa\u00e7\u00f5es de datas de check in\/check out, quantidade de pessoas por quarto, e informar que possui o c\u00f3digo promocional.<\/p>\n<p><em>\u00a0A Rede Manaus Hot\u00e9is trabalha com tarifas din\u00e2micas\/flutuantes, aplicando desconto conforme c\u00f3digo promocional para o cliente. Cada per\u00edodo do ano possui suas tarifas apropriadas, a depender da anteced\u00eancia da confirma\u00e7\u00e3o da reserva o cliente pode ter de 13% \u00e0 18% de desconto!! Aproveite!!<\/em><\/p>\n<p><strong>CONDI\u00c7\u00d5ES:<\/strong><\/p>\n<ul>\n<li>Check In a partir das 14h00 \/ Check Out at\u00e9 as 12h00 (para entradas e sa\u00eddas fora de hor\u00e1rios estabelecidos, o hotel poder\u00e1 cobrar taxa ou di\u00e1ria extra);<\/li>\n<li>Tarifas sujeitas a reajustes conforme data de consulta;<\/li>\n<li>Internet Wi-Fi cortesia;<\/li>\n<li>O Hotel Express Vieiralves possui tarifas com e sem caf\u00e9 da manh\u00e3, ao reservar, verifique essa condi\u00e7\u00e3o;<\/li>\n<li>Estacionamento R$ 10,00 a di\u00e1ria por ve\u00edculo (sujeito \u00e0 disponibilidade de vagas) exceto no Hotel\u00a0Express, onde n\u00e3o h\u00e1 estacionamento fechado;<\/li>\n<li>Uma crian\u00e7a de at\u00e9 07 anos, acompanhada dos pais, \u00e9 cortesia, sem uso de camas extras;<\/li>\n<li><strong>De acordo com o artigo 82 do estatuto da Crian\u00e7a e do Adolescente, &#8220;\u00e9 proibida a hospedagem de crian\u00e7as e adolescentes em hotel, salvos se autorizados ou acompanhados pelos pais ou respons\u00e1vel legal.&#8221; Para todo menor de 18 anos desacompanhado dos pais ou respons\u00e1vel: dever\u00e1 ser apresentada uma declara\u00e7\u00e3o legal, registrada em cart\u00f3rio e juizado de menores, autorizando a estada do mesmo;<\/strong><\/li>\n<li>Nos hot\u00e9is onde n\u00e3o h\u00e1 apartamentos triplos, dispomos de cama extra no valor adicional de 25% sobre a di\u00e1ria Twin ou Double, mediante disponibilidade;<\/li>\n<li><strong>No Show garantido:\u00a0<\/strong>Reservas com garantia de no show podem ser canceladas at\u00e9 24 horas antes da data de check in. Caso contr\u00e1rio, 01 di\u00e1ria ser\u00e1 cobrada como penalidade;<\/li>\n<li><strong><em><u>Reservas sem garantia: Reservas sem garantia de no show s\u00e3o canceladas automaticamente via sistema ap\u00f3s as 18h do dia do check in.<\/u><\/em><\/strong><\/li>\n<\/ul>\n<p><strong>FORMAS DE PAGAMENTO:<\/strong><\/p>\n<ul>\n<li>Pagamento via dep\u00f3sito, transfer\u00eancia banc\u00e1ria ou pix antecipado (at\u00e9 72h antes do check in);<\/li>\n<li>Pagamento via cart\u00e3o de cr\u00e9dito (via link de cart\u00e3o v\u00e1lido por 24h);<\/li>\n<li>Aceitamos todos os cart\u00f5es e n\u00e3o aceitamos cheques;<\/li>\n<\/ul>\n<p><strong>OBSERVA\u00c7\u00c3O:<\/strong><\/p>\n<ul>\n<li>V\u00e1lido para reservas entre 11 e 15\/11\/25;<\/li>\n<li>M\u00ednimo 2 di\u00e1rias;<\/li>\n<\/ul>\n<p>[\/vc_column_text][vc_column_text css=&#8221;.vc_custom_1744909728414{margin-top: 40px !important;}&#8221;]<iframe loading=\"lazy\" style=\"border: 0;\" src=\"https:\/\/www.google.com\/maps\/embed?pb=!1m18!1m12!1m3!1d3983.9693399588377!2d-60.025941825250186!3d-3.102803140309279!2m3!1f0!2f0!3f0!3m2!1i1024!2i768!4f13.1!3m3!1m2!1s0x926c055504e84cd7%3A0x1845e85c57c87070!2sHotel%20Express%20Vieiralves!5e0!3m2!1sen!2sus!4v1744905766654!5m2!1sen!2sus\" width=\"100%\" height=\"450\" allowfullscreen=\"allowfullscreen\"><\/iframe>[\/vc_column_text][\/vc_column_inner][vc_column_inner width=&#8221;1\/6&#8243;][\/vc_column_inner][\/vc_row_inner][\/vc_column][\/vc_row]<\/p>\n<\/div>","protected":false},"excerpt":{"rendered":"<p>[vc_row full_width=&#8221;stretch_row_content_no_spaces&#8221; css=&#8221;.vc_custom_1744890282708{padding-top: 4px !important;padding-bottom: 4px !important;background-color: #B7183B !important;}&#8221;][vc_column][\/vc_column][\/vc_row][vc_row full_width=&#8221;stretch_row_content_no_spaces&#8221; css=&#8221;.vc_custom_1744892254016{margin-top: -40px !important;margin-bottom: 0px !important;background-image: url(https:\/\/2sharecomunicacao.com.br\/sites\/panamazonicodeoncologia.com\/wp-content\/uploads\/2025\/04\/bg_internas.jpg?id=35) !important;background-position: 0 0 !important;background-repeat: repeat !important;}&#8221;][vc_column][vc_row_inner css=&#8221;.vc_custom_1744892263182{margin-top: 40px !important;margin-right: 30px !important;margin-left: 30px !important;padding-top: 40px !important;padding-bottom: 40px !important;background-color: #FFF5DA !important;}&#8221;][vc_column_inner width=&#8221;5\/6&#8243; css=&#8221;.vc_custom_1744889564161{padding-right: 40px !important;padding-left: 40px !important;}&#8221;][vc_column_text css=&#8221;.vc_custom_1746811402956{margin-bottom: 0px !important;}&#8221;] Hotel Express Vieiralves R. Rio Ituxi, 95 &#8211; Nossa Sra. das Gracas, Manaus &#8211; AM, 69053-530<\/p>\n<div class=\"h10\"><\/div>\n<p><a class=\"more-link1\" href=\"https:\/\/panamazonicodeoncologia.com\/2025\/hospedagem\/\">Read more<\/a><\/p>\n","protected":false},"author":1,"featured_media":0,"parent":0,"menu_order":0,"comment_status":"closed","ping_status":"closed","template":"","meta":{"footnotes":""},"class_list":["post-130","page","type-page","status-publish","hentry"],"_links":{"self":[{"href":"https:\/\/panamazonicodeoncologia.com\/2025\/wp-json\/wp\/v2\/pages\/130","targetHints":{"allow":["GET"]}}],"collection":[{"href":"https:\/\/panamazonicodeoncologia.com\/2025\/wp-json\/wp\/v2\/pages"}],"about":[{"href":"https:\/\/panamazonicodeoncologia.com\/2025\/wp-json\/wp\/v2\/types\/page"}],"author":[{"embeddable":true,"href":"https:\/\/panamazonicodeoncologia.com\/2025\/wp-json\/wp\/v2\/users\/1"}],"replies":[{"embeddable":true,"href":"https:\/\/panamazonicodeoncologia.com\/2025\/wp-json\/wp\/v2\/comments?post=130"}],"version-history":[{"count":6,"href":"https:\/\/panamazonicodeoncologia.com\/2025\/wp-json\/wp\/v2\/pages\/130\/revisions"}],"predecessor-version":[{"id":356,"href":"https:\/\/panamazonicodeoncologia.com\/2025\/wp-json\/wp\/v2\/pages\/130\/revisions\/356"}],"wp:attachment":[{"href":"https:\/\/panamazonicodeoncologia.com\/2025\/wp-json\/wp\/v2\/media?parent=130"}],"curies":[{"name":"wp","href":"https:\/\/api.w.org\/{rel}","templated":true}]}}