{"id":112,"date":"2025-04-17T12:05:10","date_gmt":"2025-04-17T15:05:10","guid":{"rendered":"https:\/\/2sharecomunicacao.com.br\/sites\/panamazonicodeoncologia.com\/?page_id=112"},"modified":"2025-11-07T09:39:28","modified_gmt":"2025-11-07T12:39:28","slug":"trabalhos","status":"publish","type":"page","link":"https:\/\/panamazonicodeoncologia.com\/2025\/trabalhos\/","title":{"rendered":"TRABALHOS"},"content":{"rendered":"<div class=\"wpb-content-wrapper\"><p>[vc_row full_width=&#8221;stretch_row_content_no_spaces&#8221; css=&#8221;.vc_custom_1744890282708{padding-top: 4px !important;padding-bottom: 4px !important;background-color: #B7183B !important;}&#8221;][vc_column][\/vc_column][\/vc_row][vc_row full_width=&#8221;stretch_row_content_no_spaces&#8221; css=&#8221;.vc_custom_1744892254016{margin-top: -40px !important;margin-bottom: 0px !important;background-image: url(https:\/\/2sharecomunicacao.com.br\/sites\/panamazonicodeoncologia.com\/wp-content\/uploads\/2025\/04\/bg_internas.jpg?id=35) !important;background-position: 0 0 !important;background-repeat: repeat !important;}&#8221;][vc_column][vc_row_inner css=&#8221;.vc_custom_1748186434369{margin-top: 40px !important;margin-right: 30px !important;margin-left: 30px !important;padding-top: 40px !important;padding-bottom: 40px !important;background-color: #FFF5DA !important;}&#8221;][vc_column_inner width=&#8221;5\/6&#8243; css=&#8221;.vc_custom_1744889564161{padding-right: 40px !important;padding-left: 40px !important;}&#8221;]<h2 class=\"boc_heading  al_left  \"  style=\"margin-bottom: 20px;margin-top: 0px;color: #333;\"><span>NORMAS PARA SUBMISS\u00c3O DE TRABALHOS CIENT\u00cdFICOS<\/span><\/h2><a\thref=\"https:\/\/www.even3.com.br\/8-congresso-pan-amazonico-de-oncologia-539470\" \n\t\t\t\tclass=\"button btn_large btn_theme_color btn_circled btn_normal_style icon_pos_before   \"  target='_blank'> <i class='icon icon-newspaper2'><\/i> <span>SUBMISS\u00c3O DE TRABALHOS<\/span><\/a>[vc_column_text css=&#8221;&#8221;]<\/p>\n<div class=\"texto corfundo8\">\n<hr \/>\n<p><strong>NORMAS PARA SUBMISS\u00c3O DE TRABALHOS CIENT\u00cdFICOS <\/strong><\/p>\n<p><strong>ORIENTA\u00c7\u00d5ES GERAIS<\/strong><\/p>\n<ol>\n<li style=\"list-style-type: none;\">\n<ol>\n<li>O prazo para submiss\u00e3o de resumos inicia em <strong>26\/05\/2025<\/strong> e termina no dia <strong>14\/09\/2025 <\/strong>\u00e0s <strong>23:59 <\/strong><strong>(hor\u00e1rio de Manaus &#8211; GMT-4)<\/strong>;<\/li>\n<li>Os resumos dever\u00e3o ser submetidos exclusivamente pelo sistema <em>on-line<\/em> do congresso (<em>link<\/em> dispon\u00edvel abaixo, no item SUBMISS\u00c3O);<\/li>\n<li>Resumos enviados por e-mail, <em>Whatsapp<\/em>, ou outra maneira de transmiss\u00e3o de documentos n\u00e3o ser\u00e3o aceitos e nem processados pela Comiss\u00e3o de Trabalhos Cient\u00edficos do evento;<\/li>\n<li>Cada autor principal pode submeter at\u00e9 2 trabalhos.<\/li>\n<li>Cada trabalho pode ter at\u00e9 7 coautores (total: 8 autores).<\/li>\n<li>O autor principal deve estar com a inscri\u00e7\u00e3o paga at\u00e9 13\/10\/2025 para valida\u00e7\u00e3o do trabalho.<\/li>\n<li>O conte\u00fado dos resumos e da apresenta\u00e7\u00e3o \u00e9 de total responsabilidade dos autores;<\/li>\n<li>\u00c9 vedado ao autor submeter trabalhos j\u00e1 divulgados ou pesquisas em fase de planejamento;<\/li>\n<li>S\u00e3o aceitos:<\/li>\n<\/ol>\n<\/li>\n<\/ol>\n<ul>\n<li>Estudos originais<\/li>\n<li>Revis\u00f5es integrativas ou sistem\u00e1ticas<\/li>\n<li>Estudos ou s\u00e9ries de casos<\/li>\n<li>Relatos de experi\u00eancia<\/li>\n<\/ul>\n<ol>\n<li style=\"list-style-type: none;\">\n<ol>\n<li>O envio de trabalhos cient\u00edficos (resumos) representa o compromisso definitivo do(s) autor(es) em apresentar(em) o(s) trabalho(s), se aceito(s), de forma presencial;<\/li>\n<li>O autor principal dever\u00e1 apresentar \u00e0 Comiss\u00e3o de Trabalhos Cient\u00edficos do evento, o <a href=\"https:\/\/panamazonicodeoncologia.com\/2025\/wp-content\/uploads\/2025\/08\/Termo-de-Consentimento-submissao-de-Resumo-PAN-2025a.docx\" target=\"_blank\" rel=\"noopener\"><span style=\"color: #0000ff;\"><strong>Termo de Consentimento<\/strong><\/span><\/a>, anexando-o no ato da submiss\u00e3o de cada resumo expandido;<\/li>\n<li>Os 10 (dez) resumos mais bem avaliados pelos pesquisadores <em>ad hoc, <\/em>ser\u00e3o direcionados para serem apresentados em formato de Comunica\u00e7\u00e3o oral, os demais trabalhos dever\u00e3o ser apresentados em formato p\u00f4ster. Os Autores poder\u00e3o acompanhar todas as informa\u00e7\u00f5es referentes \u00e0 submiss\u00e3o atrav\u00e9s da \u00e1rea do congressista, no site do congresso.<\/li>\n<li>Em caso de n\u00e3o aprova\u00e7\u00e3o do trabalho submetido, n\u00e3o haver\u00e1 reembolso do valor de inscri\u00e7\u00e3o no congresso.<\/li>\n<\/ol>\n<\/li>\n<\/ol>\n<p>&nbsp;<\/p>\n<p><strong>EIXOS TEM\u00c1TICOS<\/strong><\/p>\n<ol>\n<li>Pesquisa B\u00e1sica\/translacional;<\/li>\n<li>Cirurgia Oncol\u00f3gica;<\/li>\n<li>Oncologia Cl\u00ednica;<\/li>\n<li>Bases Biol\u00f3gicas e Moleculares das Neoplasias;<\/li>\n<li>Multidisciplinaridade em Oncologia;<\/li>\n<li>Tecnologia e Inova\u00e7\u00e3o em Sa\u00fade;<\/li>\n<li>Epidemiologia, Preven\u00e7\u00e3o e Controle do C\u00e2ncer.<\/li>\n<\/ol>\n<p>&nbsp;<\/p>\n<p><strong>SUBMISS\u00c3O<\/strong><\/p>\n<p><strong>\u00a0<\/strong>Os trabalhos cient\u00edficos devem ser submetidos em formato de resumo expandido, com o m\u00ednimo de 4 e o m\u00e1ximo de 5 laudas;<\/p>\n<ol>\n<li style=\"list-style-type: none;\">\n<ol>\n<li>Os resumos expandidos <strong>dever\u00e3o<\/strong> seguir o formato dos modelos disponibilizados;<\/li>\n<li>O autor principal dever\u00e1 incluir corretamente o(s) nome(s) completo(s) de institui\u00e7\u00e3o (\u00f5es) e do(s) coautor(es);<\/li>\n<li>O autor principal deve, obrigatoriamente, assinalar no formul\u00e1rio de submiss\u00e3o de trabalho, a categoria do resumo expandido e o eixo tem\u00e1tico em que o trabalho melhor se situa.<\/li>\n<li>A Comiss\u00e3o de Trabalhos Cient\u00edficos poder\u00e1 remanejar o resumo expandido para outro eixo tem\u00e1tico que entenda ser o mais adequado;<\/li>\n<li>\u00c9 <strong>obrigat\u00f3ria<\/strong> a apresenta\u00e7\u00e3o do<strong> parecer de<\/strong> <strong>aprova\u00e7\u00e3o<\/strong>, em pdf, do <strong>Comit\u00ea de \u00c9tica em Pesquisa<\/strong> <strong>no ato da submiss\u00e3o<\/strong> para todas as pesquisas que envolvem seres humanos (conforme estabelecido pela Resolu\u00e7\u00e3o CNS n\u00ba 466\/2012, Carta Circular n\u00ba 166\/2018-CONEP que decide acerca dos estudos do tipo &#8220;Estudo de caso&#8221;) e demais normas aplic\u00e1veis ou animais (legisla\u00e7\u00e3o espec\u00edfica), que deve ser anexado em \u00e1rea pr\u00f3pria do site. <strong>Para os trabalhos que utilizaram experimentos em animais ou humanos, o item Metodologia (parte experimental) dever\u00e1 conter o n\u00famero e data do parecer de aprova\u00e7\u00e3o emitido pelo respectivo Comit\u00ea de \u00c9tica<\/strong>;<\/li>\n<li>Todos os resumos expandidos dever\u00e3o ser submetidos em\u00a0L\u00edngua Portuguesa ou L\u00edngua Inglesa*;<\/li>\n<\/ol>\n<\/li>\n<\/ol>\n<p><strong><em>*<\/em><\/strong><em>Resumos em L\u00edngua Inglesa submetidos e aceitos no Congresso dever\u00e3o ser apresentados em Portugu\u00eas;<\/em><\/p>\n<p><strong>DOCUMENTOS NECESS\u00c1RIOS<\/strong><\/p>\n<ul>\n<li>Resumo Expandido (As normas para prepara\u00e7\u00e3o dos resumos est\u00e3o detalhadas nos modelos dispon\u00edveis a seguir)\n<ul>\n<li>Modelo para \u201cRevis\u00e3o Integrativa ou Revis\u00e3o Sistem\u00e1tica\u201d e \u201cEstudo Original\u201d (<a href=\"https:\/\/panamazonicodeoncologia.com\/2025\/wp-content\/uploads\/2025\/07\/Modelo-trabalho-original-e-revisao.docx\" target=\"_blank\" rel=\"noopener\"><span style=\"color: #ff0000;\">baixe aqui<span style=\"color: #000000;\">)<\/span><\/span><\/a><\/li>\n<li>Modelo para Resumo Expandido \u201cRelato de Caso ou S\u00e9rie de Casos\u201d <a href=\"https:\/\/panamazonicodeoncologia.com\/2025\/wp-content\/uploads\/2025\/07\/Modelo-Estudo-de-caso-ou-serie-de-casos.docx\" target=\"_blank\" rel=\"noopener\"><span style=\"color: #ff0000;\"><span style=\"color: #000000;\">(<\/span>baixe aqui<span style=\"color: #000000;\">)<\/span><\/span><\/a><\/li>\n<li>Modelo para Resumo Expandido \u201cRelato de Experi\u00eancia\u201d (<a href=\"https:\/\/panamazonicodeoncologia.com\/2025\/wp-content\/uploads\/2025\/07\/Modelo-Relato-de-Experiencia.docx\" target=\"_blank\" rel=\"noopener\"><span style=\"color: #ff0000;\">baixe aqui<\/span><\/a>)<\/li>\n<\/ul>\n<\/li>\n<li>Termo de Consentimento (<a href=\"https:\/\/panamazonicodeoncologia.com\/2025\/wp-content\/uploads\/2025\/05\/Termo-de-Consentimento-submissao-de-Resumo-PAN-2025.docx\" target=\"_blank\" rel=\"noopener\"><span style=\"color: #ff0000;\">baixe aqui<\/span><\/a>)<\/li>\n<li>Parecer do CEP (para todas as pesquisas que envolvem seres humanos ou animais)<\/li>\n<\/ul>\n<p>&nbsp;<\/p>\n<p><strong>AVALIA\u00c7\u00c3O, APRESENTA\u00c7\u00c3O E PREMIA\u00c7\u00c3O<\/strong><\/p>\n<ol>\n<li style=\"list-style-type: none;\">\n<ol>\n<li>Os resumos ser\u00e3o avaliados por pesquisadores ad hoc com base em:<\/li>\n<\/ol>\n<\/li>\n<\/ol>\n<ul>\n<li>Qualidade cient\u00edfica<\/li>\n<li>Clareza e corre\u00e7\u00e3o textual<\/li>\n<\/ul>\n<ol>\n<li style=\"list-style-type: none;\">\n<ol>\n<li>Os resumos expandidos avaliados ser\u00e3o enquadrados como &#8220;Aprovado&#8221; ou &#8220;Recusado&#8221; e esse resultado ser\u00e1 disponibilizado na \u00e1rea restrita do autor que submeteu o trabalho, at\u00e9 o dia<strong> 21\/10\/2025<\/strong>.<\/li>\n<li>Os resumos expandidos aprovados e apresentados ser\u00e3o inclu\u00eddos nos Anais do Congresso.<\/li>\n<li>Os 10 (dez) resumos mais bem avaliados pelos pesquisadores <em>ad hoc, <\/em>ser\u00e3o direcionados para apresenta\u00e7\u00e3o em formato de Comunica\u00e7\u00e3o oral.<\/li>\n<\/ol>\n<\/li>\n<\/ol>\n<ul>\n<li>Template para confec\u00e7\u00e3o dos slides para comunica\u00e7\u00e3o oral (<span style=\"color: #ff0000;\"><a style=\"color: #ff0000;\" href=\"https:\/\/panamazonicodeoncologia.com\/2025\/wp-content\/uploads\/2025\/10\/PanAm_template.pptx\" target=\"_blank\" rel=\"noopener\">baixe aqui<\/a><\/span>)<\/li>\n<li><em><span style=\"font-weight: 400;\">Obs: O tempo<\/span><\/em><em><span style=\"font-weight: 400;\"> designado para apresenta\u00e7\u00e3o trabalho no formato de Comunica\u00e7\u00e3o Oral \u00e9 de <\/span><b>10 min<\/b><span style=\"font-weight: 400;\">.<\/span><\/em><\/li>\n<\/ul>\n<ol>\n<li style=\"list-style-type: none;\">\n<ol>\n<li>Todos os demais trabalhos ser\u00e3o enquadrados na modalidade p\u00f4ster.<\/li>\n<\/ol>\n<\/li>\n<\/ol>\n<ul>\n<li><span style=\"font-weight: 400;\"><span style=\"font-weight: 400;\">Importante: A confec\u00e7\u00e3o do p\u00f4ster (banner f\u00edsico) \u00e9 de responsabilidade exclusiva do congressista, que dever\u00e1 levar o seu respectivo p\u00f4ster (banner f\u00edsico) no dia e hor\u00e1rios programados para apresenta\u00e7\u00e3o.<\/span><\/span><\/li>\n<li>Template para confec\u00e7\u00e3o do p\u00f4ster (<a href=\"https:\/\/panamazonicodeoncologia.com\/2025\/wp-content\/uploads\/2025\/11\/PanAmazonico_Poster_2025_07112025.pptx\" target=\"_blank\" rel=\"noopener\"><span style=\"color: #ff0000;\">baixe aqui<\/span><\/a>)<\/li>\n<\/ul>\n<ol>\n<li style=\"list-style-type: none;\">\n<ol>\n<li>Tanto o p\u00f4ster quanto os slides da apresenta\u00e7\u00e3o oral dever\u00e3o ser levados pelo membro da equipe de auditoria respons\u00e1vel pela apresenta\u00e7\u00e3o do trabalho, no dia programado para apresenta\u00e7\u00e3o (acompanhar na \u00e1rea do congressista).<\/li>\n<li>Todos os trabalhos apresentados receber\u00e3o o certificado correspondente;<\/li>\n<li><strong><u>Premia\u00e7\u00e3o dos trabalhos apresentados em formato p\u00f4ster:<\/u><\/strong> O melhor trabalho apresentado, em cada categoria (<strong>revis\u00e3o integrativa<\/strong> ou <strong>revis\u00e3o sistem\u00e1tica<\/strong>, <strong>estudo original,<\/strong> <strong>estudo <\/strong>ou<strong> s\u00e9rie de casos<\/strong>, bem como <strong>relatos de experi\u00eancia) <\/strong>receber\u00e1 premia\u00e7\u00e3o. Os tr\u00eas primeiros colocados de cada categoria receber\u00e3o certificado de Honra ao M\u00e9rito;<\/li>\n<li><strong><u>Premia\u00e7\u00e3o dos trabalhos apresentados em formato Comunica\u00e7\u00e3o oral:<\/u><\/strong> os tr\u00eas melhores trabalhos avaliados receber\u00e3o premia\u00e7\u00e3o. Todos os trabalhos apresentados em formato de comunica\u00e7\u00e3o oral receber\u00e3o certificado de Honra ao M\u00e9rito;<\/li>\n<li>Os pr\u00eamios s\u00e3o intransfer\u00edveis e destinados ao (a) autor(a) principal, independentemente do n\u00famero de autores;<\/li>\n<\/ol>\n<\/li>\n<\/ol>\n<p>As decis\u00f5es da Comiss\u00e3o de Trabalhos Cient\u00edficos s\u00e3o irrecorr\u00edveis.<\/p>\n<p>&nbsp;<\/p>\n<p><strong>PROGRAMA\u00c7\u00c3O DE APRESENTA\u00c7\u00c3O DOS TRABALHOS CIENT\u00cdFICOS:<\/strong><\/p>\n<p>Os p\u00f4steres devem ser levados impressos em tamanho <strong>90 cm<\/strong> de Largura x <strong>120 cm<\/strong> de Altura, no dia e hora conforme programa\u00e7\u00e3o abaixo:<\/p>\n<p><a href=\"https:\/\/panamazonicodeoncologia.com\/2025\/wp-content\/uploads\/2025\/10\/Programacao-posteres-1.pdf\" target=\"blank\"><span style=\"font-weight: 400;\"><i class=\"fa-regular fa-file-pdf\"><\/i> Programa\u00e7\u00e3o de Apresenta\u00e7\u00e3o dos P\u00f4steres<\/span><\/a><\/p>\n<p><a href=\"https:\/\/panamazonicodeoncologia.com\/2025\/wp-content\/uploads\/2025\/10\/Programacao-Comunicacao-oral.pdf\" target=\"blank\"><span style=\"font-weight: 400;\"><i class=\"fa-regular fa-file-pdf\"><\/i> Programa\u00e7\u00e3o da Apresenta\u00e7\u00e3o da Comunica\u00e7\u00e3o Oral<\/span><\/a><\/p>\n<\/div>\n<p>[\/vc_column_text]<div class=\"boc_divider_holder\"><div class=\"boc_divider  \"  style=\"margin-top: 20px;margin-bottom: 20px;height: 1px;background: #eee;\"><\/div><\/div><a\thref=\"https:\/\/www.even3.com.br\/8-congresso-pan-amazonico-de-oncologia-539470\" \n\t\t\t\tclass=\"button btn_large btn_theme_color btn_circled btn_normal_style icon_pos_before   \"  target='_blank'> <i class='icon icon-newspaper2'><\/i> <span>SUBMISS\u00c3O DE TRABALHOS<\/span><\/a>[\/vc_column_inner][vc_column_inner width=&#8221;1\/6&#8243;][\/vc_column_inner][\/vc_row_inner][\/vc_column][\/vc_row]<\/p>\n<\/div>","protected":false},"excerpt":{"rendered":"<p>[vc_row full_width=&#8221;stretch_row_content_no_spaces&#8221; css=&#8221;.vc_custom_1744890282708{padding-top: 4px !important;padding-bottom: 4px !important;background-color: #B7183B !important;}&#8221;][vc_column][\/vc_column][\/vc_row][vc_row full_width=&#8221;stretch_row_content_no_spaces&#8221; css=&#8221;.vc_custom_1744892254016{margin-top: -40px !important;margin-bottom: 0px !important;background-image: url(https:\/\/2sharecomunicacao.com.br\/sites\/panamazonicodeoncologia.com\/wp-content\/uploads\/2025\/04\/bg_internas.jpg?id=35) !important;background-position: 0 0 !important;background-repeat: repeat !important;}&#8221;][vc_column][vc_row_inner css=&#8221;.vc_custom_1748186434369{margin-top: 40px !important;margin-right: 30px !important;margin-left: 30px !important;padding-top: 40px !important;padding-bottom: 40px !important;background-color: #FFF5DA !important;}&#8221;][vc_column_inner width=&#8221;5\/6&#8243; css=&#8221;.vc_custom_1744889564161{padding-right: 40px !important;padding-left: 40px !important;}&#8221;][vc_column_text css=&#8221;&#8221;] NORMAS PARA SUBMISS\u00c3O DE TRABALHOS CIENT\u00cdFICOS ORIENTA\u00c7\u00d5ES GERAIS O prazo para submiss\u00e3o de resumos inicia em 26\/05\/2025 e<\/p>\n<div class=\"h10\"><\/div>\n<p><a class=\"more-link1\" href=\"https:\/\/panamazonicodeoncologia.com\/2025\/trabalhos\/\">Read more<\/a><\/p>\n","protected":false},"author":1,"featured_media":0,"parent":0,"menu_order":0,"comment_status":"closed","ping_status":"closed","template":"","meta":{"footnotes":""},"class_list":["post-112","page","type-page","status-publish","hentry"],"_links":{"self":[{"href":"https:\/\/panamazonicodeoncologia.com\/2025\/wp-json\/wp\/v2\/pages\/112","targetHints":{"allow":["GET"]}}],"collection":[{"href":"https:\/\/panamazonicodeoncologia.com\/2025\/wp-json\/wp\/v2\/pages"}],"about":[{"href":"https:\/\/panamazonicodeoncologia.com\/2025\/wp-json\/wp\/v2\/types\/page"}],"author":[{"embeddable":true,"href":"https:\/\/panamazonicodeoncologia.com\/2025\/wp-json\/wp\/v2\/users\/1"}],"replies":[{"embeddable":true,"href":"https:\/\/panamazonicodeoncologia.com\/2025\/wp-json\/wp\/v2\/comments?post=112"}],"version-history":[{"count":37,"href":"https:\/\/panamazonicodeoncologia.com\/2025\/wp-json\/wp\/v2\/pages\/112\/revisions"}],"predecessor-version":[{"id":961,"href":"https:\/\/panamazonicodeoncologia.com\/2025\/wp-json\/wp\/v2\/pages\/112\/revisions\/961"}],"wp:attachment":[{"href":"https:\/\/panamazonicodeoncologia.com\/2025\/wp-json\/wp\/v2\/media?parent=112"}],"curies":[{"name":"wp","href":"https:\/\/api.w.org\/{rel}","templated":true}]}}